{"id":6607,"date":"2022-08-18T14:26:30","date_gmt":"2022-08-18T18:26:30","guid":{"rendered":"https:\/\/www.eckerd.edu\/admissions\/?page_id=6607"},"modified":"2026-02-27T14:04:28","modified_gmt":"2026-02-27T19:04:28","slug":"delacluyse","status":"publish","type":"page","link":"https:\/\/www.eckerd.edu\/admissions\/delacluyse\/","title":{"rendered":"Cara DeLacluyse &#8217;24"},"content":{"rendered":"[vc_row type=&#8221;in_container&#8221; full_screen_row_position=&#8221;middle&#8221; column_margin=&#8221;default&#8221; column_direction=&#8221;default&#8221; column_direction_tablet=&#8221;default&#8221; column_direction_phone=&#8221;default&#8221; scene_position=&#8221;center&#8221; top_padding=&#8221;48&#8243; text_color=&#8221;dark&#8221; text_align=&#8221;left&#8221; row_border_radius=&#8221;none&#8221; row_border_radius_applies=&#8221;bg&#8221; overflow=&#8221;visible&#8221; overlay_strength=&#8221;0.3&#8243; gradient_direction=&#8221;left_to_right&#8221; shape_divider_position=&#8221;bottom&#8221; bg_image_animation=&#8221;none&#8221;][vc_column column_padding=&#8221;no-extra-padding&#8221; column_padding_tablet=&#8221;inherit&#8221; column_padding_phone=&#8221;inherit&#8221; column_padding_position=&#8221;all&#8221; column_element_direction_desktop=&#8221;default&#8221; column_element_spacing=&#8221;default&#8221; desktop_text_alignment=&#8221;default&#8221; tablet_text_alignment=&#8221;default&#8221; phone_text_alignment=&#8221;default&#8221; background_color_opacity=&#8221;1&#8243; background_hover_color_opacity=&#8221;1&#8243; column_backdrop_filter=&#8221;none&#8221; column_shadow=&#8221;none&#8221; column_border_radius=&#8221;none&#8221; column_link_target=&#8221;_self&#8221; column_position=&#8221;default&#8221; gradient_direction=&#8221;left_to_right&#8221; overlay_strength=&#8221;0.3&#8243; width=&#8221;1\/1&#8243; tablet_width_inherit=&#8221;default&#8221; animation_type=&#8221;default&#8221; bg_image_animation=&#8221;none&#8221; border_type=&#8221;simple&#8221; column_border_width=&#8221;none&#8221; column_border_style=&#8221;solid&#8221;][vc_column_text css=&#8221;&#8221; text_direction=&#8221;default&#8221;]\n<h2>Cara DeLacluyse &#8217;24<\/h2>\n[\/vc_column_text][vc_row_inner column_margin=&#8221;default&#8221; column_direction=&#8221;default&#8221; column_direction_tablet=&#8221;default&#8221; column_direction_phone=&#8221;default&#8221; text_align=&#8221;left&#8221; row_position=&#8221;default&#8221; row_position_tablet=&#8221;inherit&#8221; row_position_phone=&#8221;inherit&#8221; overflow=&#8221;visible&#8221; pointer_events=&#8221;all&#8221;][vc_column_inner column_padding=&#8221;no-extra-padding&#8221; column_padding_tablet=&#8221;inherit&#8221; column_padding_phone=&#8221;inherit&#8221; column_padding_position=&#8221;all&#8221; column_element_direction_desktop=&#8221;default&#8221; column_element_spacing=&#8221;default&#8221; desktop_text_alignment=&#8221;default&#8221; tablet_text_alignment=&#8221;default&#8221; phone_text_alignment=&#8221;default&#8221; background_color_opacity=&#8221;1&#8243; background_hover_color_opacity=&#8221;1&#8243; column_backdrop_filter=&#8221;none&#8221; column_shadow=&#8221;none&#8221; column_border_radius=&#8221;none&#8221; column_link_target=&#8221;_self&#8221; overflow=&#8221;visible&#8221; gradient_direction=&#8221;left_to_right&#8221; overlay_strength=&#8221;0.3&#8243; width=&#8221;2\/3&#8243; tablet_width_inherit=&#8221;default&#8221; animation_type=&#8221;default&#8221; bg_image_animation=&#8221;none&#8221; border_type=&#8221;simple&#8221; column_border_width=&#8221;none&#8221; column_border_style=&#8221;solid&#8221;][vc_column_text]\n<h3>Admission Counselor<\/h3>\n[\/vc_column_text][divider line_type=&#8221;No Line&#8221; custom_height=&#8221;32&#8243;]<div class=\"iwithtext\"><div class=\"iwt-icon\"> <i class=\"icon-default-style fa fa-envelope-o accent-color\"><\/i> <\/div><div class=\"iwt-text\"> <a href=\"mailto:delacluysece@eckerd.edu\">delacluysece@eckerd.edu<\/a> <\/div><div class=\"clear\"><\/div><\/div><div class=\"iwithtext\"><div class=\"iwt-icon\"> <i class=\"icon-default-style fa fa-map-marker accent-color\"><\/i> <\/div><div class=\"iwt-text\"> Franklin Templeton 123 <\/div><div class=\"clear\"><\/div><\/div><div class=\"iwithtext\"><div class=\"iwt-icon\"> <i class=\"icon-default-style fa fa-phone accent-color\"><\/i> <\/div><div class=\"iwt-text\"> <a href=\"tel:+1-727-864-8850\">727.864.8850<\/a> <\/div><div class=\"clear\"><\/div><\/div><div class=\"iwithtext\"><div class=\"iwt-icon\"> <i class=\"icon-default-style linecon-icon-world accent-color\"><\/i> <\/div><div class=\"iwt-text\"> <strong>Domestic:<\/strong> Florida, New Jersey, New York<br \/>\n<strong>Florida counties<\/strong>: Alachua, Baker, Bradford, Citrus, Clay, Columbia, Dixie, Duval, Flagler, Gilchrist, Hamilton, Lafayette, Lake, Levy, Marion, Nassau, Putnam, Saint Johns, Sumter, Suwanee, Union <\/div><div class=\"clear\"><\/div><\/div><div class=\"iwithtext\"><div class=\"iwt-icon\"> <i class=\"icon-default-style fa fa-car accent-color\"><\/i> <\/div><div class=\"iwt-text\"> <a href=\"https:\/\/apply.eckerd.edu\/portal\/eckerdontheroad\">Cara on the road<\/a> <\/div><div class=\"clear\"><\/div><\/div>[divider line_type=&#8221;No Line&#8221; custom_height=&#8221;32&#8243;][vc_column_text css=&#8221;&#8221; text_direction=&#8221;default&#8221;]Hi! I\u2019m Cara, an <a href=\"\/alumni\/\">Eckerd College alumna<\/a> originally from the northern suburbs of Chicago. I graduated in 2024 with a Bachelor of Science in <a href=\"\/marinescience\/\">Marine Science<\/a>, and minors in <a href=\"\/spanish\/\">Spanish<\/a> and <a href=\"\/visualarts\/\">Art<\/a>. During my time at Eckerd, I had the opportunity to conduct independent research, working alongside <a href=\"\/marinescience\/faculty\/krediet\/\">Dr. Cory Krediet<\/a>, which is currently under review for publication. I spent multiple <a href=\"\/global\/winter\/\">winter terms abroad<\/a> traveling to Ecuador, the Gal\u00e1pagos Islands, and Salamanca, Spain. My experiences at Eckerd lead me to achieving my goal of living abroad, and post graduation I spent a year teaching English in Madrid, Spain.<\/p>\n<p>Outside of work you can often find me swimming, running, or reading\u2014let me know if you need a book recommendation! I love anything water-related and couldn\u2019t be more grateful to live so close to the beach. I\u2019m also an avid artist, and enjoy creating greeting cards for my friends and family in my free time.<\/p>\n<p>While marine biology will always hold a special place in my heart, it is a great pleasure to help students determine if Eckerd is the right fit for them. I\u2019m excited to have returned to Florida\u2019s sunshine after my time abroad and to assist you as you navigate your college journey. As a proud member of <a href=\"\/honor-societies\/\">Phi Beta Kappa<\/a> and a firm believer in the value of <a href=\"\/about\/liberal-arts\/\">a liberal arts education<\/a>, I\u2019m here to answer any questions you may have. Whether you\u2019re curious about the application process or want to know more about life at Eckerd, don\u2019t hesitate to reach out\u2014I\u2019m happy to help!<\/p>\n<p>\u00a1Hola! Soy Cara, y hablo tanto ingl\u00e9s como espa\u00f1ol. El a\u00f1o pasado viv\u00ed en Madrid, Espa\u00f1a, donde ense\u00f1\u00e9 ingl\u00e9s. Si necesitas asistencia en espa\u00f1ol, estar\u00e9 encantada de ayudarte.[\/vc_column_text][\/vc_column_inner][vc_column_inner column_padding=&#8221;no-extra-padding&#8221; column_padding_tablet=&#8221;inherit&#8221; column_padding_phone=&#8221;inherit&#8221; column_padding_position=&#8221;all&#8221; column_element_direction_desktop=&#8221;default&#8221; column_element_spacing=&#8221;default&#8221; desktop_text_alignment=&#8221;default&#8221; tablet_text_alignment=&#8221;default&#8221; phone_text_alignment=&#8221;default&#8221; background_color_opacity=&#8221;1&#8243; background_hover_color_opacity=&#8221;1&#8243; column_backdrop_filter=&#8221;none&#8221; column_shadow=&#8221;none&#8221; column_border_radius=&#8221;none&#8221; column_link_target=&#8221;_self&#8221; overflow=&#8221;visible&#8221; gradient_direction=&#8221;left_to_right&#8221; overlay_strength=&#8221;0.3&#8243; width=&#8221;1\/3&#8243; tablet_width_inherit=&#8221;default&#8221; animation_type=&#8221;default&#8221; bg_image_animation=&#8221;none&#8221; border_type=&#8221;simple&#8221; column_border_width=&#8221;none&#8221; column_border_style=&#8221;solid&#8221;][image_with_animation image_url=&#8221;8955&#8243; image_size=&#8221;full&#8221; animation_type=&#8221;entrance&#8221; animation=&#8221;Fade In From Bottom&#8221; animation_easing=&#8221;default&#8221; animation_movement_type=&#8221;transform_y&#8221; hover_animation=&#8221;none&#8221; alignment=&#8221;&#8221; border_radius=&#8221;none&#8221; box_shadow=&#8221;none&#8221; image_loading=&#8221;default&#8221; max_width=&#8221;100%&#8221; max_width_mobile=&#8221;default&#8221;][\/vc_column_inner][\/vc_row_inner][\/vc_column][\/vc_row]\n","protected":false},"excerpt":{"rendered":"<p>[vc_row type=&#8221;in_container&#8221; full_screen_row_position=&#8221;middle&#8221; column_margin=&#8221;default&#8221; column_direction=&#8221;default&#8221; column_direction_tablet=&#8221;default&#8221; column_direction_phone=&#8221;default&#8221; scene_position=&#8221;center&#8221; top_padding=&#8221;48&#8243; text_color=&#8221;dark&#8221; text_align=&#8221;left&#8221; row_border_radius=&#8221;none&#8221; row_border_radius_applies=&#8221;bg&#8221; overflow=&#8221;visible&#8221; overlay_strength=&#8221;0.3&#8243; gradient_direction=&#8221;left_to_right&#8221; shape_divider_position=&#8221;bottom&#8221; bg_image_animation=&#8221;none&#8221;][vc_column column_padding=&#8221;no-extra-padding&#8221; column_padding_tablet=&#8221;inherit&#8221; column_padding_phone=&#8221;inherit&#8221; column_padding_position=&#8221;all&#8221; column_element_direction_desktop=&#8221;default&#8221; column_element_spacing=&#8221;default&#8221; desktop_text_alignment=&#8221;default&#8221; tablet_text_alignment=&#8221;default&#8221; phone_text_alignment=&#8221;default&#8221; background_color_opacity=&#8221;1&#8243; background_hover_color_opacity=&#8221;1&#8243; column_backdrop_filter=&#8221;none&#8221; column_shadow=&#8221;none&#8221; column_border_radius=&#8221;none&#8221; column_link_target=&#8221;_self&#8221; column_position=&#8221;default&#8221; gradient_direction=&#8221;left_to_right&#8221; overlay_strength=&#8221;0.3&#8243; width=&#8221;1\/1&#8243; tablet_width_inherit=&#8221;default&#8221; animation_type=&#8221;default&#8221; bg_image_animation=&#8221;none&#8221; border_type=&#8221;simple&#8221; column_border_width=&#8221;none&#8221; column_border_style=&#8221;solid&#8221;][vc_column_text css=&#8221;&#8221; text_direction=&#8221;default&#8221;]&#8230;<\/p>\n","protected":false},"author":8,"featured_media":8956,"parent":0,"menu_order":0,"comment_status":"closed","ping_status":"closed","template":"page-left-sidebar.php","meta":{"footnotes":""},"categories":[74,70,111],"tags":[],"class_list":{"0":"post-6607","1":"page","2":"type-page","3":"status-publish","4":"has-post-thumbnail","6":"category-florida","7":"category-new-jersey","8":"category-new-york"},"yoast_head":"<!-- This site is optimized with the Yoast SEO Premium plugin v27.5 (Yoast SEO v27.5) - https:\/\/yoast.com\/product\/yoast-seo-premium-wordpress\/ -->\n<title>Cara DeLacluyse &#039;24 - Admissions | Eckerd College<\/title>\n<meta name=\"robots\" content=\"index, follow, max-snippet:-1, max-image-preview:large, max-video-preview:-1\" \/>\n<link rel=\"canonical\" href=\"https:\/\/www.eckerd.edu\/admissions\/delacluyse\/\" \/>\n<meta property=\"og:locale\" content=\"en_US\" \/>\n<meta property=\"og:type\" content=\"article\" \/>\n<meta property=\"og:title\" content=\"Cara DeLacluyse &#039;24\" \/>\n<meta property=\"og:description\" content=\"Admissions | Eckerd College\" \/>\n<meta property=\"og:url\" content=\"https:\/\/www.eckerd.edu\/admissions\/delacluyse\/\" \/>\n<meta property=\"og:site_name\" content=\"Admissions | Eckerd College\" \/>\n<meta property=\"article:modified_time\" content=\"2026-02-27T19:04:28+00:00\" \/>\n<meta property=\"og:image\" content=\"http:\/\/www.eckerd.edu\/admissions\/wp-content\/uploads\/sites\/18\/2025\/09\/Cara-DeLacluyse-Square.png\" \/>\n\t<meta property=\"og:image:width\" content=\"300\" \/>\n\t<meta property=\"og:image:height\" content=\"300\" \/>\n\t<meta property=\"og:image:type\" content=\"image\/png\" \/>\n<meta name=\"twitter:card\" content=\"summary_large_image\" \/>\n<meta name=\"twitter:label1\" content=\"Est. reading time\" \/>\n\t<meta name=\"twitter:data1\" content=\"2 minutes\" \/>\n<script type=\"application\/ld+json\" class=\"yoast-schema-graph\">{\"@context\":\"https:\\\/\\\/schema.org\",\"@graph\":[{\"@type\":\"WebPage\",\"@id\":\"https:\\\/\\\/www.eckerd.edu\\\/admissions\\\/delacluyse\\\/\",\"url\":\"https:\\\/\\\/www.eckerd.edu\\\/admissions\\\/delacluyse\\\/\",\"name\":\"Cara DeLacluyse '24 - Admissions | Eckerd College\",\"isPartOf\":{\"@id\":\"https:\\\/\\\/www.eckerd.edu\\\/admissions\\\/#website\"},\"primaryImageOfPage\":{\"@id\":\"https:\\\/\\\/www.eckerd.edu\\\/admissions\\\/delacluyse\\\/#primaryimage\"},\"image\":{\"@id\":\"https:\\\/\\\/www.eckerd.edu\\\/admissions\\\/delacluyse\\\/#primaryimage\"},\"thumbnailUrl\":\"https:\\\/\\\/www.eckerd.edu\\\/admissions\\\/wp-content\\\/uploads\\\/sites\\\/18\\\/2025\\\/09\\\/Cara-DeLacluyse-Square.png\",\"datePublished\":\"2022-08-18T18:26:30+00:00\",\"dateModified\":\"2026-02-27T19:04:28+00:00\",\"inLanguage\":\"en-US\",\"potentialAction\":[{\"@type\":\"ReadAction\",\"target\":[\"https:\\\/\\\/www.eckerd.edu\\\/admissions\\\/delacluyse\\\/\"]}]},{\"@type\":\"ImageObject\",\"inLanguage\":\"en-US\",\"@id\":\"https:\\\/\\\/www.eckerd.edu\\\/admissions\\\/delacluyse\\\/#primaryimage\",\"url\":\"https:\\\/\\\/www.eckerd.edu\\\/admissions\\\/wp-content\\\/uploads\\\/sites\\\/18\\\/2025\\\/09\\\/Cara-DeLacluyse-Square.png\",\"contentUrl\":\"https:\\\/\\\/www.eckerd.edu\\\/admissions\\\/wp-content\\\/uploads\\\/sites\\\/18\\\/2025\\\/09\\\/Cara-DeLacluyse-Square.png\",\"width\":300,\"height\":300},{\"@type\":\"WebSite\",\"@id\":\"https:\\\/\\\/www.eckerd.edu\\\/admissions\\\/#website\",\"url\":\"https:\\\/\\\/www.eckerd.edu\\\/admissions\\\/\",\"name\":\"Admissions | Eckerd College\",\"description\":\"Admissions at Eckerd College\",\"potentialAction\":[{\"@type\":\"SearchAction\",\"target\":{\"@type\":\"EntryPoint\",\"urlTemplate\":\"https:\\\/\\\/www.eckerd.edu\\\/admissions\\\/?s={search_term_string}\"},\"query-input\":{\"@type\":\"PropertyValueSpecification\",\"valueRequired\":true,\"valueName\":\"search_term_string\"}}],\"inLanguage\":\"en-US\"}]}<\/script>\n<!-- \/ Yoast SEO Premium plugin. -->","yoast_head_json":{"title":"Cara DeLacluyse '24 - Admissions | Eckerd College","robots":{"index":"index","follow":"follow","max-snippet":"max-snippet:-1","max-image-preview":"max-image-preview:large","max-video-preview":"max-video-preview:-1"},"canonical":"https:\/\/www.eckerd.edu\/admissions\/delacluyse\/","og_locale":"en_US","og_type":"article","og_title":"Cara DeLacluyse '24","og_description":"Admissions | Eckerd College","og_url":"https:\/\/www.eckerd.edu\/admissions\/delacluyse\/","og_site_name":"Admissions | Eckerd College","article_modified_time":"2026-02-27T19:04:28+00:00","og_image":[{"width":300,"height":300,"url":"http:\/\/www.eckerd.edu\/admissions\/wp-content\/uploads\/sites\/18\/2025\/09\/Cara-DeLacluyse-Square.png","type":"image\/png"}],"twitter_card":"summary_large_image","twitter_misc":{"Est. reading time":"2 minutes"},"schema":{"@context":"https:\/\/schema.org","@graph":[{"@type":"WebPage","@id":"https:\/\/www.eckerd.edu\/admissions\/delacluyse\/","url":"https:\/\/www.eckerd.edu\/admissions\/delacluyse\/","name":"Cara DeLacluyse '24 - Admissions | Eckerd College","isPartOf":{"@id":"https:\/\/www.eckerd.edu\/admissions\/#website"},"primaryImageOfPage":{"@id":"https:\/\/www.eckerd.edu\/admissions\/delacluyse\/#primaryimage"},"image":{"@id":"https:\/\/www.eckerd.edu\/admissions\/delacluyse\/#primaryimage"},"thumbnailUrl":"https:\/\/www.eckerd.edu\/admissions\/wp-content\/uploads\/sites\/18\/2025\/09\/Cara-DeLacluyse-Square.png","datePublished":"2022-08-18T18:26:30+00:00","dateModified":"2026-02-27T19:04:28+00:00","inLanguage":"en-US","potentialAction":[{"@type":"ReadAction","target":["https:\/\/www.eckerd.edu\/admissions\/delacluyse\/"]}]},{"@type":"ImageObject","inLanguage":"en-US","@id":"https:\/\/www.eckerd.edu\/admissions\/delacluyse\/#primaryimage","url":"https:\/\/www.eckerd.edu\/admissions\/wp-content\/uploads\/sites\/18\/2025\/09\/Cara-DeLacluyse-Square.png","contentUrl":"https:\/\/www.eckerd.edu\/admissions\/wp-content\/uploads\/sites\/18\/2025\/09\/Cara-DeLacluyse-Square.png","width":300,"height":300},{"@type":"WebSite","@id":"https:\/\/www.eckerd.edu\/admissions\/#website","url":"https:\/\/www.eckerd.edu\/admissions\/","name":"Admissions | Eckerd College","description":"Admissions at Eckerd College","potentialAction":[{"@type":"SearchAction","target":{"@type":"EntryPoint","urlTemplate":"https:\/\/www.eckerd.edu\/admissions\/?s={search_term_string}"},"query-input":{"@type":"PropertyValueSpecification","valueRequired":true,"valueName":"search_term_string"}}],"inLanguage":"en-US"}]}},"_links":{"self":[{"href":"https:\/\/www.eckerd.edu\/admissions\/wp-json\/wp\/v2\/pages\/6607","targetHints":{"allow":["GET"]}}],"collection":[{"href":"https:\/\/www.eckerd.edu\/admissions\/wp-json\/wp\/v2\/pages"}],"about":[{"href":"https:\/\/www.eckerd.edu\/admissions\/wp-json\/wp\/v2\/types\/page"}],"author":[{"embeddable":true,"href":"https:\/\/www.eckerd.edu\/admissions\/wp-json\/wp\/v2\/users\/8"}],"replies":[{"embeddable":true,"href":"https:\/\/www.eckerd.edu\/admissions\/wp-json\/wp\/v2\/comments?post=6607"}],"version-history":[{"count":15,"href":"https:\/\/www.eckerd.edu\/admissions\/wp-json\/wp\/v2\/pages\/6607\/revisions"}],"predecessor-version":[{"id":9241,"href":"https:\/\/www.eckerd.edu\/admissions\/wp-json\/wp\/v2\/pages\/6607\/revisions\/9241"}],"wp:featuredmedia":[{"embeddable":true,"href":"https:\/\/www.eckerd.edu\/admissions\/wp-json\/wp\/v2\/media\/8956"}],"wp:attachment":[{"href":"https:\/\/www.eckerd.edu\/admissions\/wp-json\/wp\/v2\/media?parent=6607"}],"wp:term":[{"taxonomy":"category","embeddable":true,"href":"https:\/\/www.eckerd.edu\/admissions\/wp-json\/wp\/v2\/categories?post=6607"},{"taxonomy":"post_tag","embeddable":true,"href":"https:\/\/www.eckerd.edu\/admissions\/wp-json\/wp\/v2\/tags?post=6607"}],"curies":[{"name":"wp","href":"https:\/\/api.w.org\/{rel}","templated":true}]}}