{"id":1711,"date":"2020-09-30T16:29:33","date_gmt":"2020-09-30T20:29:33","guid":{"rendered":"http:\/\/www.eckerd.edu\/anthropology\/?page_id=1711"},"modified":"2025-12-05T13:22:09","modified_gmt":"2025-12-05T18:22:09","slug":"guengerich","status":"publish","type":"page","link":"https:\/\/www.eckerd.edu\/anthropology\/faculty\/guengerich\/","title":{"rendered":"Anna Guengerich"},"content":{"rendered":"[vc_row type=&#8221;full_width_background&#8221; full_screen_row_position=&#8221;middle&#8221; column_margin=&#8221;default&#8221; column_direction=&#8221;default&#8221; column_direction_tablet=&#8221;default&#8221; column_direction_phone=&#8221;default&#8221; scene_position=&#8221;center&#8221; top_padding=&#8221;48&#8243; text_color=&#8221;dark&#8221; text_align=&#8221;left&#8221; row_border_radius=&#8221;none&#8221; row_border_radius_applies=&#8221;bg&#8221; overflow=&#8221;visible&#8221; overlay_strength=&#8221;0.3&#8243; gradient_direction=&#8221;left_to_right&#8221; shape_divider_position=&#8221;bottom&#8221; bg_image_animation=&#8221;none&#8221;][vc_column column_padding=&#8221;no-extra-padding&#8221; column_padding_tablet=&#8221;inherit&#8221; column_padding_phone=&#8221;inherit&#8221; column_padding_position=&#8221;all&#8221; column_element_direction_desktop=&#8221;default&#8221; column_element_spacing=&#8221;default&#8221; desktop_text_alignment=&#8221;default&#8221; tablet_text_alignment=&#8221;default&#8221; phone_text_alignment=&#8221;default&#8221; background_color_opacity=&#8221;1&#8243; background_hover_color_opacity=&#8221;1&#8243; column_backdrop_filter=&#8221;none&#8221; column_shadow=&#8221;none&#8221; column_border_radius=&#8221;none&#8221; column_link_target=&#8221;_self&#8221; column_position=&#8221;default&#8221; gradient_direction=&#8221;left_to_right&#8221; overlay_strength=&#8221;0.3&#8243; width=&#8221;1\/1&#8243; tablet_width_inherit=&#8221;default&#8221; animation_type=&#8221;default&#8221; bg_image_animation=&#8221;none&#8221; border_type=&#8221;simple&#8221; column_border_width=&#8221;none&#8221; column_border_style=&#8221;solid&#8221;][vc_column_text]\n<h2>Anna Guengerich<\/h2>\n[\/vc_column_text][vc_column_text]\n<h3>Assistant Professor of Anthropology<\/h3>\n[\/vc_column_text][divider line_type=&#8221;No Line&#8221; custom_height=&#8221;32&#8243;][vc_row_inner column_margin=&#8221;default&#8221; column_direction=&#8221;default&#8221; column_direction_tablet=&#8221;default&#8221; column_direction_phone=&#8221;default&#8221; text_align=&#8221;left&#8221; row_position=&#8221;default&#8221; row_position_tablet=&#8221;inherit&#8221; row_position_phone=&#8221;inherit&#8221; overflow=&#8221;visible&#8221; pointer_events=&#8221;all&#8221;][vc_column_inner column_padding=&#8221;no-extra-padding&#8221; column_padding_tablet=&#8221;inherit&#8221; column_padding_phone=&#8221;inherit&#8221; column_padding_position=&#8221;all&#8221; column_element_direction_desktop=&#8221;default&#8221; column_element_spacing=&#8221;default&#8221; desktop_text_alignment=&#8221;default&#8221; tablet_text_alignment=&#8221;default&#8221; phone_text_alignment=&#8221;default&#8221; background_color_opacity=&#8221;1&#8243; background_hover_color_opacity=&#8221;1&#8243; column_backdrop_filter=&#8221;none&#8221; column_shadow=&#8221;none&#8221; column_border_radius=&#8221;none&#8221; column_link_target=&#8221;_self&#8221; overflow=&#8221;visible&#8221; gradient_direction=&#8221;left_to_right&#8221; overlay_strength=&#8221;0.3&#8243; width=&#8221;2\/3&#8243; tablet_width_inherit=&#8221;default&#8221; animation_type=&#8221;default&#8221; bg_image_animation=&#8221;none&#8221; border_type=&#8221;simple&#8221; column_border_width=&#8221;none&#8221; column_border_style=&#8221;solid&#8221;]<div class=\"iwithtext\"><div class=\"iwt-icon\"> <i class=\"icon-default-style fa fa-university accent-color\"><\/i> <\/div><div class=\"iwt-text\"> <a href=\"https:\/\/docs.google.com\/document\/d\/17c1C1tigvl5wWkVji5x4zCrape-CwU9i\/edit?usp=sharing&amp;ouid=104590227764845414120&amp;rtpof=true&amp;sd=true\">Curriculum vitae<\/a> <\/div><div class=\"clear\"><\/div><\/div><div class=\"iwithtext\"><div class=\"iwt-icon\"> <i class=\"icon-default-style fa fa-envelope-o accent-color\"><\/i> <\/div><div class=\"iwt-text\"> <a href=\"mailto:guengeak@eckerd.edu\">guengeak@eckerd.edu<\/a> <\/div><div class=\"clear\"><\/div><\/div><div class=\"iwithtext\"><div class=\"iwt-icon\"> <i class=\"icon-default-style fa fa-map-marker accent-color\"><\/i> <\/div><div class=\"iwt-text\"> Seibert Humanities 100 C <\/div><div class=\"clear\"><\/div><\/div><div class=\"iwithtext\"><div class=\"iwt-icon\"> <i class=\"icon-default-style fa fa-phone accent-color\"><\/i> <\/div><div class=\"iwt-text\"> <a href=\"tel:727-864-8233\">727.864.8233<\/a> <\/div><div class=\"clear\"><\/div><\/div><div class=\"iwithtext\"><div class=\"iwt-icon\"> <i class=\"icon-default-style fa fa-external-link accent-color\"><\/i> <\/div><div class=\"iwt-text\"> <a href=\"https:\/\/eckerd.academia.edu\/AnnaGuengerich\">Academia.edu<\/a> <\/div><div class=\"clear\"><\/div><\/div><div class=\"iwithtext\"><div class=\"iwt-icon\"> <i class=\"icon-default-style fa fa-external-link accent-color\"><\/i> <\/div><div class=\"iwt-text\"> <a href=\"https:\/\/www.facebook.com\/proyectoarqueologicotambillo\/\">Public homepage, Tambillo Archaeological Project (Peru)<\/a> <\/div><div class=\"clear\"><\/div><\/div><div class=\"iwithtext\"><div class=\"iwt-icon\"> <i class=\"icon-default-style fa fa-external-link accent-color\"><\/i> <\/div><div class=\"iwt-text\"> <a href=\"https:\/\/www.jardinesleymebamba.com\/\">Public webpage for Leymebamba Ethnobotanical Gardens (NSF-funded research project)<\/a> <\/div><div class=\"clear\"><\/div><\/div><div class=\"iwithtext\"><div class=\"iwt-icon\"> <i class=\"icon-default-style fa fa-bookmark accent-color\"><\/i> <\/div><div class=\"iwt-text\"> \n<p class=\"p1\"><a href=\"https:\/\/ecscholar.eckerd.edu\/esploro\/profile\/anna_guengerich\/output\/all?institution=01ECKERD_INST\"><span class=\"s1\">Scholarship &amp; Creative Works <\/span><\/a><\/p>\n <\/div><div class=\"clear\"><\/div><\/div>[divider line_type=&#8221;No Line&#8221; custom_height=&#8221;32&#8243;][vc_column_text css=&#8221;&#8221; text_direction=&#8221;default&#8221;]\n<h4>Degrees<\/h4>\n<ul>\n<li>Ph.D., Anthropology (Archaeology), University of Chicago<\/li>\n<li>M.A., Anthropology, University of Chicago<\/li>\n<li>B.A., Anthropology, University of Chicago<\/li>\n<\/ul>\n<h4>Courses taught<\/h4>\n<ul>\n<li>Andean Civilizations<\/li>\n<li>Archaeology and Architecture<\/li>\n<li>Archaeology of Food (Winter Term)<\/li>\n<li>Archaeology of the Environment<\/li>\n<li>Archaeology of the U.S. Southeast<\/li>\n<li>Introduction to Anthropology<\/li>\n<li>Introduction to Latin American Area Studies<\/li>\n<\/ul>\n<h4>Research interests<\/h4>\n<p>Professor Guengerich uses her teaching and her research to explore how people relate to the places they live, including the past as well as the present. She got her Ph.D. in anthropology with a specialization in archaeology and initially took part in research in the American South and New Mexico. Since 2011, she has co-directed an archaeological research project in the mountains of eastern Peru, where her team is exploring the environmental impacts of the Inka conquest on indigenous societies prior to Spanish conquest. This project entails working with rural community partners to conserve native plant species and traditional knowledge of plant use. She also has done archaeological work in Bolivia on the role of monumental stone sculpture in the Tiwanaku civilization (500-1000CE). Since starting at Eckerd in 2020, she has also begun exploring the archaeology of Florida and especially the history of Eckerd\u2019s campus, including its connections to Quebecois feather hunters, Cuban fish ranchers, and its original inhabitants, the ancestors of today\u2019s Seminole and Miccosukee tribes. Professor Guengerich loves to teach and talk with students about anything related to food, plants, indigenous history, Latin America, Florida, and also dogs.<\/p>\n<h4>Publications<\/h4>\n<ul>\n<li>2020 \u2013 Anna Guengerich and John W. Janusek.\u00a0 \u201cThe Su\u00f1awa Monolith and a genre of extended-arm sculptures at Tiwanaku.\u201d\u00a0\u00a0<em>\u00d1awpa Pacha<\/em>.\u00a0\u00a0<a href=\"https:\/\/doi.org\/10.1080\/00776297.2020.1830974\" target=\"_blank\" rel=\"noopener\" data-saferedirecturl=\"https:\/\/www.google.com\/url?q=https:\/\/doi.org\/10.1080\/00776297.2020.1830974&amp;source=gmail&amp;ust=1765042657681000&amp;usg=AOvVaw0416faJV6SYSckvMDmBWdO\">https:\/\/doi.org\/10.<wbr \/>1080\/00776297.2020.1830974<\/a><\/li>\n<li>2020<span aria-hidden=\"true\">\u00a0\u2013\u00a0<\/span>Anna Guengerich and Stephen Berquist.\u00a0 \u201cEarthen terrace technologies and environmental adaptation in the montane forests of Pre-Columbian Northeastern Peru.\u201d\u00a0\u00a0<em>Journal of Field Archaeology<\/em>\u00a045(3):153-169.\u00a0\u00a0<a href=\"https:\/\/doi.org\/10.1080\/00934690.2019.1702830\" target=\"_blank\" rel=\"noopener\" data-saferedirecturl=\"https:\/\/www.google.com\/url?q=https:\/\/doi.org\/10.1080\/00934690.2019.1702830&amp;source=gmail&amp;ust=1765042657681000&amp;usg=AOvVaw3rdArHIdIRtHo_Zv7Dh0Eb\">ht<wbr \/>tps:\/\/doi.org\/10.1080\/<wbr \/>00934690.2019.1702830<\/a><\/li>\n<li>2017<em>\u00a0\u2013\u00a0<\/em>Anna Guengerich and Warren Church.\u00a0\u00a0<em>\u00bfQu\u00e9 fue Chachapoyas? Aproximaciones interdisciplinarias en el estudio de los Andes Nororientales, Bolet\u00edn de Arqueolog\u00eda, Tomo XXIII<\/em>.\u00a0 Pontificia Universidad Cat\u00f3lica del Per\u00fa, Lima.\u00a0<a href=\"https:\/\/revistas.pucp.edu.pe\/index.php\/boletindearqueologia\/issue\/view\/1519\" target=\"_blank\" rel=\"noopener\" data-saferedirecturl=\"https:\/\/www.google.com\/url?q=https:\/\/revistas.pucp.edu.pe\/index.php\/boletindearqueologia\/issue\/view\/1519&amp;source=gmail&amp;ust=1765042657681000&amp;usg=AOvVaw1R_gCdYT8l1wtV10t_9Rdc\">https:\/\/revistas.pucp.<wbr \/>edu.pe\/index.php\/<wbr \/>boletindearqueologia\/issue\/<wbr \/>view\/1519\u00a0<\/a><\/li>\n<li>2014<em>\u00a0\u2013\u00a0<\/em>\u201cThe architect\u2019s signature: the social production of a residential landscape at Monte Viudo, Chachapoyas, Peru.\u201d\u00a0\u00a0<em>Journal of Anthropological Archaeology<\/em>\u00a034:1-16.\u00a0\u00a0<a href=\"https:\/\/doi.org\/10.1016\/j.jaa.2013.12.005\" target=\"_blank\" rel=\"noopener\" data-saferedirecturl=\"https:\/\/www.google.com\/url?q=https:\/\/doi.org\/10.1016\/j.jaa.2013.12.005&amp;source=gmail&amp;ust=1765042657681000&amp;usg=AOvVaw3oSKG1BWOoEDNYPmEuitSG\">https:\/\/<wbr \/>doi.org\/10.1016\/j.jaa.2013.12.<wbr \/>005<\/a><\/li>\n<\/ul>\n[\/vc_column_text][\/vc_column_inner][vc_column_inner column_padding=&#8221;no-extra-padding&#8221; column_padding_tablet=&#8221;inherit&#8221; column_padding_phone=&#8221;inherit&#8221; column_padding_position=&#8221;all&#8221; column_element_direction_desktop=&#8221;default&#8221; column_element_spacing=&#8221;default&#8221; desktop_text_alignment=&#8221;default&#8221; tablet_text_alignment=&#8221;default&#8221; phone_text_alignment=&#8221;default&#8221; background_color_opacity=&#8221;1&#8243; background_hover_color_opacity=&#8221;1&#8243; column_backdrop_filter=&#8221;none&#8221; column_shadow=&#8221;none&#8221; column_border_radius=&#8221;none&#8221; column_link_target=&#8221;_self&#8221; overflow=&#8221;visible&#8221; gradient_direction=&#8221;left_to_right&#8221; overlay_strength=&#8221;0.3&#8243; width=&#8221;1\/3&#8243; tablet_width_inherit=&#8221;default&#8221; animation_type=&#8221;default&#8221; bg_image_animation=&#8221;none&#8221; border_type=&#8221;simple&#8221; column_border_width=&#8221;none&#8221; column_border_style=&#8221;solid&#8221;][image_with_animation image_url=&#8221;1874&#8243; image_size=&#8221;full&#8221; animation_type=&#8221;entrance&#8221; animation=&#8221;Fade In&#8221; animation_easing=&#8221;default&#8221; animation_movement_type=&#8221;transform_y&#8221; hover_animation=&#8221;none&#8221; alignment=&#8221;&#8221; border_radius=&#8221;none&#8221; box_shadow=&#8221;none&#8221; image_loading=&#8221;default&#8221; max_width=&#8221;100%&#8221; max_width_mobile=&#8221;default&#8221;][\/vc_column_inner][\/vc_row_inner][\/vc_column][\/vc_row]\n","protected":false},"excerpt":{"rendered":"<p>[vc_row type=&#8221;full_width_background&#8221; full_screen_row_position=&#8221;middle&#8221; column_margin=&#8221;default&#8221; column_direction=&#8221;default&#8221; column_direction_tablet=&#8221;default&#8221; column_direction_phone=&#8221;default&#8221; scene_position=&#8221;center&#8221; top_padding=&#8221;48&#8243; text_color=&#8221;dark&#8221; text_align=&#8221;left&#8221; row_border_radius=&#8221;none&#8221; row_border_radius_applies=&#8221;bg&#8221; overflow=&#8221;visible&#8221; overlay_strength=&#8221;0.3&#8243; gradient_direction=&#8221;left_to_right&#8221; shape_divider_position=&#8221;bottom&#8221; bg_image_animation=&#8221;none&#8221;][vc_column column_padding=&#8221;no-extra-padding&#8221; column_padding_tablet=&#8221;inherit&#8221; column_padding_phone=&#8221;inherit&#8221; column_padding_position=&#8221;all&#8221; column_element_direction_desktop=&#8221;default&#8221; column_element_spacing=&#8221;default&#8221; desktop_text_alignment=&#8221;default&#8221; tablet_text_alignment=&#8221;default&#8221; phone_text_alignment=&#8221;default&#8221; background_color_opacity=&#8221;1&#8243; background_hover_color_opacity=&#8221;1&#8243; column_backdrop_filter=&#8221;none&#8221; column_shadow=&#8221;none&#8221; column_border_radius=&#8221;none&#8221; column_link_target=&#8221;_self&#8221; column_position=&#8221;default&#8221; gradient_direction=&#8221;left_to_right&#8221; overlay_strength=&#8221;0.3&#8243; width=&#8221;1\/1&#8243; tablet_width_inherit=&#8221;default&#8221; animation_type=&#8221;default&#8221; bg_image_animation=&#8221;none&#8221; border_type=&#8221;simple&#8221; column_border_width=&#8221;none&#8221; column_border_style=&#8221;solid&#8221;][vc_column_text] Anna Guengerich&#8230;<\/p>\n","protected":false},"author":8,"featured_media":1874,"parent":311,"menu_order":0,"comment_status":"closed","ping_status":"closed","template":"page-left-sidebar.php","meta":{"footnotes":""},"class_list":["post-1711","page","type-page","status-publish","has-post-thumbnail"],"yoast_head":"<!-- This site is optimized with the Yoast SEO Premium plugin v27.5 (Yoast SEO v27.5) - https:\/\/yoast.com\/product\/yoast-seo-premium-wordpress\/ -->\n<title>Anna Guengerich - Anthropology | Eckerd College<\/title>\n<meta name=\"robots\" content=\"index, follow, max-snippet:-1, max-image-preview:large, max-video-preview:-1\" \/>\n<link rel=\"canonical\" href=\"https:\/\/www.eckerd.edu\/anthropology\/faculty\/guengerich\/\" \/>\n<meta property=\"og:locale\" content=\"en_US\" \/>\n<meta property=\"og:type\" content=\"article\" \/>\n<meta property=\"og:title\" content=\"Anna Guengerich\" \/>\n<meta property=\"og:description\" content=\"[vc_row type=&#8221;full_width_background&#8221; full_screen_row_position=&#8221;middle&#8221; column_margin=&#8221;default&#8221; column_direction=&#8221;default&#8221; column_direction_tablet=&#8221;default&#8221; column_direction_phone=&#8221;default&#8221; scene_position=&#8221;center&#8221; top_padding=&#8221;48&#8243; text_color=&#8221;dark&#8221; text_align=&#8221;left&#8221; row_border_radius=&#8221;none&#8221; row_border_radius_applies=&#8221;bg&#8221; overflow=&#8221;visible&#8221; overlay_strength=&#8221;0.3&#8243; gradient_direction=&#8221;left_to_right&#8221; shape_divider_position=&#8221;bottom&#8221; bg_image_animation=&#8221;none&#8221;][vc_column column_padding=&#8221;no-extra-padding&#8221; column_padding_tablet=&#8221;inherit&#8221; column_padding_phone=&#8221;inherit&#8221; column_padding_position=&#8221;all&#8221; column_element_direction_desktop=&#8221;default&#8221; column_element_spacing=&#8221;default&#8221; desktop_text_alignment=&#8221;default&#8221; tablet_text_alignment=&#8221;default&#8221; phone_text_alignment=&#8221;default&#8221; background_color_opacity=&#8221;1&#8243; background_hover_color_opacity=&#8221;1&#8243; column_backdrop_filter=&#8221;none&#8221; column_shadow=&#8221;none&#8221; column_border_radius=&#8221;none&#8221; column_link_target=&#8221;_self&#8221; column_position=&#8221;default&#8221; gradient_direction=&#8221;left_to_right&#8221; overlay_strength=&#8221;0.3&#8243; width=&#8221;1\/1&#8243; tablet_width_inherit=&#8221;default&#8221; animation_type=&#8221;default&#8221; bg_image_animation=&#8221;none&#8221; border_type=&#8221;simple&#8221; column_border_width=&#8221;none&#8221; column_border_style=&#8221;solid&#8221;][vc_column_text] Anna Guengerich...\" \/>\n<meta property=\"og:url\" content=\"https:\/\/www.eckerd.edu\/anthropology\/faculty\/guengerich\/\" \/>\n<meta property=\"og:site_name\" content=\"Anthropology | Eckerd College\" \/>\n<meta property=\"article:modified_time\" content=\"2025-12-05T18:22:09+00:00\" \/>\n<meta property=\"og:image\" content=\"http:\/\/www.eckerd.edu\/anthropology\/wp-content\/uploads\/sites\/36\/2022\/11\/Guengerich-hex.png\" \/>\n\t<meta property=\"og:image:width\" content=\"280\" \/>\n\t<meta property=\"og:image:height\" content=\"247\" \/>\n\t<meta property=\"og:image:type\" content=\"image\/png\" \/>\n<meta name=\"twitter:card\" content=\"summary_large_image\" \/>\n<meta name=\"twitter:label1\" content=\"Est. reading time\" \/>\n\t<meta name=\"twitter:data1\" content=\"2 minutes\" \/>\n<script type=\"application\/ld+json\" class=\"yoast-schema-graph\">{\"@context\":\"https:\\\/\\\/schema.org\",\"@graph\":[{\"@type\":\"WebPage\",\"@id\":\"https:\\\/\\\/www.eckerd.edu\\\/anthropology\\\/faculty\\\/guengerich\\\/\",\"url\":\"https:\\\/\\\/www.eckerd.edu\\\/anthropology\\\/faculty\\\/guengerich\\\/\",\"name\":\"Anna Guengerich - Anthropology | Eckerd College\",\"isPartOf\":{\"@id\":\"https:\\\/\\\/www.eckerd.edu\\\/anthropology\\\/#website\"},\"primaryImageOfPage\":{\"@id\":\"https:\\\/\\\/www.eckerd.edu\\\/anthropology\\\/faculty\\\/guengerich\\\/#primaryimage\"},\"image\":{\"@id\":\"https:\\\/\\\/www.eckerd.edu\\\/anthropology\\\/faculty\\\/guengerich\\\/#primaryimage\"},\"thumbnailUrl\":\"https:\\\/\\\/www.eckerd.edu\\\/anthropology\\\/wp-content\\\/uploads\\\/sites\\\/36\\\/2022\\\/11\\\/Guengerich-hex.png\",\"datePublished\":\"2020-09-30T20:29:33+00:00\",\"dateModified\":\"2025-12-05T18:22:09+00:00\",\"breadcrumb\":{\"@id\":\"https:\\\/\\\/www.eckerd.edu\\\/anthropology\\\/faculty\\\/guengerich\\\/#breadcrumb\"},\"inLanguage\":\"en-US\",\"potentialAction\":[{\"@type\":\"ReadAction\",\"target\":[\"https:\\\/\\\/www.eckerd.edu\\\/anthropology\\\/faculty\\\/guengerich\\\/\"]}]},{\"@type\":\"ImageObject\",\"inLanguage\":\"en-US\",\"@id\":\"https:\\\/\\\/www.eckerd.edu\\\/anthropology\\\/faculty\\\/guengerich\\\/#primaryimage\",\"url\":\"https:\\\/\\\/www.eckerd.edu\\\/anthropology\\\/wp-content\\\/uploads\\\/sites\\\/36\\\/2022\\\/11\\\/Guengerich-hex.png\",\"contentUrl\":\"https:\\\/\\\/www.eckerd.edu\\\/anthropology\\\/wp-content\\\/uploads\\\/sites\\\/36\\\/2022\\\/11\\\/Guengerich-hex.png\",\"width\":280,\"height\":247},{\"@type\":\"BreadcrumbList\",\"@id\":\"https:\\\/\\\/www.eckerd.edu\\\/anthropology\\\/faculty\\\/guengerich\\\/#breadcrumb\",\"itemListElement\":[{\"@type\":\"ListItem\",\"position\":1,\"name\":\"Home\",\"item\":\"https:\\\/\\\/www.eckerd.edu\\\/anthropology\\\/\"},{\"@type\":\"ListItem\",\"position\":2,\"name\":\"Faculty\",\"item\":\"https:\\\/\\\/www.eckerd.edu\\\/anthropology\\\/faculty\\\/\"},{\"@type\":\"ListItem\",\"position\":3,\"name\":\"Anna Guengerich\"}]},{\"@type\":\"WebSite\",\"@id\":\"https:\\\/\\\/www.eckerd.edu\\\/anthropology\\\/#website\",\"url\":\"https:\\\/\\\/www.eckerd.edu\\\/anthropology\\\/\",\"name\":\"Anthropology | Eckerd College\",\"description\":\"Anthropology at Eckerd College\",\"potentialAction\":[{\"@type\":\"SearchAction\",\"target\":{\"@type\":\"EntryPoint\",\"urlTemplate\":\"https:\\\/\\\/www.eckerd.edu\\\/anthropology\\\/?s={search_term_string}\"},\"query-input\":{\"@type\":\"PropertyValueSpecification\",\"valueRequired\":true,\"valueName\":\"search_term_string\"}}],\"inLanguage\":\"en-US\"}]}<\/script>\n<!-- \/ Yoast SEO Premium plugin. -->","yoast_head_json":{"title":"Anna Guengerich - Anthropology | Eckerd College","robots":{"index":"index","follow":"follow","max-snippet":"max-snippet:-1","max-image-preview":"max-image-preview:large","max-video-preview":"max-video-preview:-1"},"canonical":"https:\/\/www.eckerd.edu\/anthropology\/faculty\/guengerich\/","og_locale":"en_US","og_type":"article","og_title":"Anna Guengerich","og_description":"[vc_row type=&#8221;full_width_background&#8221; full_screen_row_position=&#8221;middle&#8221; column_margin=&#8221;default&#8221; column_direction=&#8221;default&#8221; column_direction_tablet=&#8221;default&#8221; column_direction_phone=&#8221;default&#8221; scene_position=&#8221;center&#8221; top_padding=&#8221;48&#8243; text_color=&#8221;dark&#8221; text_align=&#8221;left&#8221; row_border_radius=&#8221;none&#8221; row_border_radius_applies=&#8221;bg&#8221; overflow=&#8221;visible&#8221; overlay_strength=&#8221;0.3&#8243; gradient_direction=&#8221;left_to_right&#8221; shape_divider_position=&#8221;bottom&#8221; bg_image_animation=&#8221;none&#8221;][vc_column column_padding=&#8221;no-extra-padding&#8221; column_padding_tablet=&#8221;inherit&#8221; column_padding_phone=&#8221;inherit&#8221; column_padding_position=&#8221;all&#8221; column_element_direction_desktop=&#8221;default&#8221; column_element_spacing=&#8221;default&#8221; desktop_text_alignment=&#8221;default&#8221; tablet_text_alignment=&#8221;default&#8221; phone_text_alignment=&#8221;default&#8221; background_color_opacity=&#8221;1&#8243; background_hover_color_opacity=&#8221;1&#8243; column_backdrop_filter=&#8221;none&#8221; column_shadow=&#8221;none&#8221; column_border_radius=&#8221;none&#8221; column_link_target=&#8221;_self&#8221; column_position=&#8221;default&#8221; gradient_direction=&#8221;left_to_right&#8221; overlay_strength=&#8221;0.3&#8243; width=&#8221;1\/1&#8243; tablet_width_inherit=&#8221;default&#8221; animation_type=&#8221;default&#8221; bg_image_animation=&#8221;none&#8221; border_type=&#8221;simple&#8221; column_border_width=&#8221;none&#8221; column_border_style=&#8221;solid&#8221;][vc_column_text] Anna Guengerich...","og_url":"https:\/\/www.eckerd.edu\/anthropology\/faculty\/guengerich\/","og_site_name":"Anthropology | Eckerd College","article_modified_time":"2025-12-05T18:22:09+00:00","og_image":[{"width":280,"height":247,"url":"http:\/\/www.eckerd.edu\/anthropology\/wp-content\/uploads\/sites\/36\/2022\/11\/Guengerich-hex.png","type":"image\/png"}],"twitter_card":"summary_large_image","twitter_misc":{"Est. reading time":"2 minutes"},"schema":{"@context":"https:\/\/schema.org","@graph":[{"@type":"WebPage","@id":"https:\/\/www.eckerd.edu\/anthropology\/faculty\/guengerich\/","url":"https:\/\/www.eckerd.edu\/anthropology\/faculty\/guengerich\/","name":"Anna Guengerich - Anthropology | Eckerd College","isPartOf":{"@id":"https:\/\/www.eckerd.edu\/anthropology\/#website"},"primaryImageOfPage":{"@id":"https:\/\/www.eckerd.edu\/anthropology\/faculty\/guengerich\/#primaryimage"},"image":{"@id":"https:\/\/www.eckerd.edu\/anthropology\/faculty\/guengerich\/#primaryimage"},"thumbnailUrl":"https:\/\/www.eckerd.edu\/anthropology\/wp-content\/uploads\/sites\/36\/2022\/11\/Guengerich-hex.png","datePublished":"2020-09-30T20:29:33+00:00","dateModified":"2025-12-05T18:22:09+00:00","breadcrumb":{"@id":"https:\/\/www.eckerd.edu\/anthropology\/faculty\/guengerich\/#breadcrumb"},"inLanguage":"en-US","potentialAction":[{"@type":"ReadAction","target":["https:\/\/www.eckerd.edu\/anthropology\/faculty\/guengerich\/"]}]},{"@type":"ImageObject","inLanguage":"en-US","@id":"https:\/\/www.eckerd.edu\/anthropology\/faculty\/guengerich\/#primaryimage","url":"https:\/\/www.eckerd.edu\/anthropology\/wp-content\/uploads\/sites\/36\/2022\/11\/Guengerich-hex.png","contentUrl":"https:\/\/www.eckerd.edu\/anthropology\/wp-content\/uploads\/sites\/36\/2022\/11\/Guengerich-hex.png","width":280,"height":247},{"@type":"BreadcrumbList","@id":"https:\/\/www.eckerd.edu\/anthropology\/faculty\/guengerich\/#breadcrumb","itemListElement":[{"@type":"ListItem","position":1,"name":"Home","item":"https:\/\/www.eckerd.edu\/anthropology\/"},{"@type":"ListItem","position":2,"name":"Faculty","item":"https:\/\/www.eckerd.edu\/anthropology\/faculty\/"},{"@type":"ListItem","position":3,"name":"Anna Guengerich"}]},{"@type":"WebSite","@id":"https:\/\/www.eckerd.edu\/anthropology\/#website","url":"https:\/\/www.eckerd.edu\/anthropology\/","name":"Anthropology | Eckerd College","description":"Anthropology at Eckerd College","potentialAction":[{"@type":"SearchAction","target":{"@type":"EntryPoint","urlTemplate":"https:\/\/www.eckerd.edu\/anthropology\/?s={search_term_string}"},"query-input":{"@type":"PropertyValueSpecification","valueRequired":true,"valueName":"search_term_string"}}],"inLanguage":"en-US"}]}},"_links":{"self":[{"href":"https:\/\/www.eckerd.edu\/anthropology\/wp-json\/wp\/v2\/pages\/1711","targetHints":{"allow":["GET"]}}],"collection":[{"href":"https:\/\/www.eckerd.edu\/anthropology\/wp-json\/wp\/v2\/pages"}],"about":[{"href":"https:\/\/www.eckerd.edu\/anthropology\/wp-json\/wp\/v2\/types\/page"}],"author":[{"embeddable":true,"href":"https:\/\/www.eckerd.edu\/anthropology\/wp-json\/wp\/v2\/users\/8"}],"replies":[{"embeddable":true,"href":"https:\/\/www.eckerd.edu\/anthropology\/wp-json\/wp\/v2\/comments?post=1711"}],"version-history":[{"count":9,"href":"https:\/\/www.eckerd.edu\/anthropology\/wp-json\/wp\/v2\/pages\/1711\/revisions"}],"predecessor-version":[{"id":2011,"href":"https:\/\/www.eckerd.edu\/anthropology\/wp-json\/wp\/v2\/pages\/1711\/revisions\/2011"}],"up":[{"embeddable":true,"href":"https:\/\/www.eckerd.edu\/anthropology\/wp-json\/wp\/v2\/pages\/311"}],"wp:featuredmedia":[{"embeddable":true,"href":"https:\/\/www.eckerd.edu\/anthropology\/wp-json\/wp\/v2\/media\/1874"}],"wp:attachment":[{"href":"https:\/\/www.eckerd.edu\/anthropology\/wp-json\/wp\/v2\/media?parent=1711"}],"curies":[{"name":"wp","href":"https:\/\/api.w.org\/{rel}","templated":true}]}}