{"id":1718,"date":"2019-11-20T11:49:27","date_gmt":"2019-11-20T16:49:27","guid":{"rendered":"http:\/\/www.eckerd.edu\/marinescience\/?page_id=1718"},"modified":"2024-08-01T09:52:59","modified_gmt":"2024-08-01T13:52:59","slug":"angulo-valdes","status":"publish","type":"page","link":"https:\/\/www.eckerd.edu\/marinescience\/faculty\/angulo-valdes\/","title":{"rendered":"Jorge Angulo-Valdes"},"content":{"rendered":"[vc_row type=&#8221;full_width_background&#8221; full_screen_row_position=&#8221;middle&#8221; column_margin=&#8221;default&#8221; column_direction=&#8221;default&#8221; column_direction_tablet=&#8221;default&#8221; column_direction_phone=&#8221;default&#8221; scene_position=&#8221;center&#8221; top_padding=&#8221;48&#8243; text_color=&#8221;dark&#8221; text_align=&#8221;left&#8221; row_border_radius=&#8221;none&#8221; row_border_radius_applies=&#8221;bg&#8221; overflow=&#8221;visible&#8221; overlay_strength=&#8221;0.3&#8243; gradient_direction=&#8221;left_to_right&#8221; shape_divider_position=&#8221;bottom&#8221; bg_image_animation=&#8221;none&#8221;][vc_column column_padding=&#8221;no-extra-padding&#8221; column_padding_tablet=&#8221;inherit&#8221; column_padding_phone=&#8221;inherit&#8221; column_padding_position=&#8221;all&#8221; column_element_direction_desktop=&#8221;default&#8221; column_element_spacing=&#8221;default&#8221; desktop_text_alignment=&#8221;default&#8221; tablet_text_alignment=&#8221;default&#8221; phone_text_alignment=&#8221;default&#8221; background_color_opacity=&#8221;1&#8243; background_hover_color_opacity=&#8221;1&#8243; column_backdrop_filter=&#8221;none&#8221; column_shadow=&#8221;none&#8221; column_border_radius=&#8221;none&#8221; column_link_target=&#8221;_self&#8221; column_position=&#8221;default&#8221; gradient_direction=&#8221;left_to_right&#8221; overlay_strength=&#8221;0.3&#8243; width=&#8221;1\/1&#8243; tablet_width_inherit=&#8221;default&#8221; animation_type=&#8221;default&#8221; bg_image_animation=&#8221;none&#8221; border_type=&#8221;simple&#8221; column_border_width=&#8221;none&#8221; column_border_style=&#8221;solid&#8221;][vc_column_text]\n<h2>Jorge A. Angulo-Valdes<\/h2>\n[\/vc_column_text][vc_column_text]\n<h3>Visiting Assistant Professor of Marine Science<\/h3>\n[\/vc_column_text][divider line_type=&#8221;No Line&#8221; custom_height=&#8221;32&#8243;][vc_row_inner column_margin=&#8221;default&#8221; column_direction=&#8221;default&#8221; column_direction_tablet=&#8221;default&#8221; column_direction_phone=&#8221;default&#8221; text_align=&#8221;left&#8221; row_position=&#8221;default&#8221; row_position_tablet=&#8221;inherit&#8221; row_position_phone=&#8221;inherit&#8221; overflow=&#8221;visible&#8221; pointer_events=&#8221;all&#8221;][vc_column_inner column_padding=&#8221;no-extra-padding&#8221; column_padding_tablet=&#8221;inherit&#8221; column_padding_phone=&#8221;inherit&#8221; column_padding_position=&#8221;all&#8221; column_element_direction_desktop=&#8221;default&#8221; column_element_spacing=&#8221;default&#8221; desktop_text_alignment=&#8221;default&#8221; tablet_text_alignment=&#8221;default&#8221; phone_text_alignment=&#8221;default&#8221; background_color_opacity=&#8221;1&#8243; background_hover_color_opacity=&#8221;1&#8243; column_backdrop_filter=&#8221;none&#8221; column_shadow=&#8221;none&#8221; column_border_radius=&#8221;none&#8221; column_link_target=&#8221;_self&#8221; overflow=&#8221;visible&#8221; gradient_direction=&#8221;left_to_right&#8221; overlay_strength=&#8221;0.3&#8243; width=&#8221;2\/3&#8243; tablet_width_inherit=&#8221;default&#8221; animation_type=&#8221;default&#8221; bg_image_animation=&#8221;none&#8221; border_type=&#8221;simple&#8221; column_border_width=&#8221;none&#8221; column_border_style=&#8221;solid&#8221;]<div class=\"iwithtext\"><div class=\"iwt-icon\"> <i class=\"icon-default-style fa fa-university accent-color\"><\/i> <\/div><div class=\"iwt-text\"> <a href=\"https:\/\/drive.google.com\/file\/d\/1AaR-2LXgT6sTgaTjp5sQd50nyebuOp3T\/view\">Curriculum Vitae<\/a> <\/div><div class=\"clear\"><\/div><\/div><div class=\"iwithtext\"><div class=\"iwt-icon\"> <i class=\"icon-default-style fa fa-envelope-o accent-color\"><\/i> <\/div><div class=\"iwt-text\"> <a href=\"mailto:anguloj@eckerd.edu\">anguloj@eckerd.edu<\/a> <\/div><div class=\"clear\"><\/div><\/div><div class=\"iwithtext\"><div class=\"iwt-icon\"> <i class=\"icon-default-style fa fa-map-marker accent-color\"><\/i> <\/div><div class=\"iwt-text\"> Brown Hall 102 C <\/div><div class=\"clear\"><\/div><\/div><div class=\"iwithtext\"><div class=\"iwt-icon\"> <i class=\"icon-default-style fa fa-phone accent-color\"><\/i> <\/div><div class=\"iwt-text\"> <a href=\"tel:727-864-7899\">727.864.7899<\/a> <\/div><div class=\"clear\"><\/div><\/div>[divider line_type=&#8221;No Line&#8221; custom_height=&#8221;32&#8243;][vc_column_text]\n<h4>Degrees<\/h4>\n<ul>\n<li>Ph.D., Dalhousie University<\/li>\n<li>M.M.M., Dalhousie University<\/li>\n<li>B.Sc., University of Havana<\/li>\n<\/ul>\n<h4>Research interests<\/h4>\n<p>Interdisciplinary research in the fields of marine science, ecology, conservation, and socioeconomics with a focus on:<\/p>\n<ul>\n<li>Recreational fisheries<\/li>\n<li>Coastal ecology and habitat restoration<\/li>\n<li>Marine Protected Areas<\/li>\n<li>Ecological economics<\/li>\n<li>Community-based management<\/li>\n<\/ul>\n<h4>Courses taught<\/h4>\n<ul>\n<li>Biological Oceanography<\/li>\n<li>Intro to the Oceans<\/li>\n<li>Principles of Ecology<\/li>\n<li>Tropical Marine Research in Cuba<\/li>\n<\/ul>\n<h4>Selected publications<\/h4>\n<ul>\n<li>MacNeil, M.A., Chapman, D.D., Heupel, M. et al. (2020) Global status and conservation potential of reef sharks. Nature. <a href=\"https:\/\/www.nature.com\/articles\/s41586-020-2519-y\">https:\/\/doi.org\/10.1038\/s41586-020-2519-y<\/a><\/li>\n<li>Horta e Costa B, Angulo-Vald\u00e9s J, Goncalves J.M.S, Barro P (2020) Assessing potential protection effects on commercial fish species in a Cuban MPA. Aquaculture and Fisheries, <a href=\"https:\/\/doi.org\/10.1016\/j.aaf.2020.04.001\">https:\/\/doi.org\/10.1016\/j.aaf.2020.04.001<\/a><\/li>\n<li>Rennert, J.J., Shenker, J.M., Angulo-Vald\u00e9s, J., and Adams, A.J. (2019) Age, growth, and age at maturity of bonefish, <em>Albula<\/em> species among Cuban habitats. Environ Biol Fish 102: 253-265.<\/li>\n<li>Hueter, R.E., Tyminski, J.P., Pina-Amarg\u00f3s, F., Morris, J.J., Ruiz-Abierno, A., Angulo-Vald\u00e9s, J., L\u00f3pez-Fern\u00e1ndez, N. (2018) Movements of the silky shark (<em>Carcharhinus falciformis<\/em>) as tracked by satellite-linked tags off the Caribbean coast of Cuba. Bulletin of Marine Science. <a href=\"https:\/\/www.ingentaconnect.com\/content\/umrsmas\/bullmar\/2018\/00000094\/00000002\/art00013;jsessionid=2gt7ct4tihbt5.x-ic-live-01\">https:\/\/doi.org\/10.5343\/bms.2017.1162<\/a>.<\/li>\n<\/ul>\n[\/vc_column_text][\/vc_column_inner][vc_column_inner column_padding=&#8221;no-extra-padding&#8221; column_padding_tablet=&#8221;inherit&#8221; column_padding_phone=&#8221;inherit&#8221; column_padding_position=&#8221;all&#8221; column_element_direction_desktop=&#8221;default&#8221; column_element_spacing=&#8221;default&#8221; desktop_text_alignment=&#8221;default&#8221; tablet_text_alignment=&#8221;default&#8221; phone_text_alignment=&#8221;default&#8221; background_color_opacity=&#8221;1&#8243; background_hover_color_opacity=&#8221;1&#8243; column_backdrop_filter=&#8221;none&#8221; column_shadow=&#8221;none&#8221; column_border_radius=&#8221;none&#8221; column_link_target=&#8221;_self&#8221; overflow=&#8221;visible&#8221; gradient_direction=&#8221;left_to_right&#8221; overlay_strength=&#8221;0.3&#8243; width=&#8221;1\/3&#8243; tablet_width_inherit=&#8221;default&#8221; animation_type=&#8221;default&#8221; bg_image_animation=&#8221;none&#8221; border_type=&#8221;simple&#8221; column_border_width=&#8221;none&#8221; column_border_style=&#8221;solid&#8221;][image_with_animation image_url=&#8221;2052&#8243; image_size=&#8221;full&#8221; animation_type=&#8221;entrance&#8221; animation=&#8221;Fade In&#8221; animation_easing=&#8221;default&#8221; animation_movement_type=&#8221;transform_y&#8221; hover_animation=&#8221;none&#8221; alignment=&#8221;&#8221; border_radius=&#8221;none&#8221; box_shadow=&#8221;none&#8221; image_loading=&#8221;default&#8221; max_width=&#8221;100%&#8221; max_width_mobile=&#8221;default&#8221;][\/vc_column_inner][\/vc_row_inner][\/vc_column][\/vc_row]\n","protected":false},"excerpt":{"rendered":"<p>[vc_row type=&#8221;full_width_background&#8221; full_screen_row_position=&#8221;middle&#8221; column_margin=&#8221;default&#8221; column_direction=&#8221;default&#8221; column_direction_tablet=&#8221;default&#8221; column_direction_phone=&#8221;default&#8221; scene_position=&#8221;center&#8221; top_padding=&#8221;48&#8243; text_color=&#8221;dark&#8221; text_align=&#8221;left&#8221; row_border_radius=&#8221;none&#8221; row_border_radius_applies=&#8221;bg&#8221; overflow=&#8221;visible&#8221; overlay_strength=&#8221;0.3&#8243; gradient_direction=&#8221;left_to_right&#8221; shape_divider_position=&#8221;bottom&#8221; bg_image_animation=&#8221;none&#8221;][vc_column column_padding=&#8221;no-extra-padding&#8221; column_padding_tablet=&#8221;inherit&#8221; column_padding_phone=&#8221;inherit&#8221; column_padding_position=&#8221;all&#8221; column_element_direction_desktop=&#8221;default&#8221; column_element_spacing=&#8221;default&#8221; desktop_text_alignment=&#8221;default&#8221; tablet_text_alignment=&#8221;default&#8221; phone_text_alignment=&#8221;default&#8221; background_color_opacity=&#8221;1&#8243; background_hover_color_opacity=&#8221;1&#8243; column_backdrop_filter=&#8221;none&#8221; column_shadow=&#8221;none&#8221; column_border_radius=&#8221;none&#8221; column_link_target=&#8221;_self&#8221; column_position=&#8221;default&#8221; gradient_direction=&#8221;left_to_right&#8221; overlay_strength=&#8221;0.3&#8243; width=&#8221;1\/1&#8243; tablet_width_inherit=&#8221;default&#8221; animation_type=&#8221;default&#8221; bg_image_animation=&#8221;none&#8221; border_type=&#8221;simple&#8221; column_border_width=&#8221;none&#8221; column_border_style=&#8221;solid&#8221;][vc_column_text] Jorge A&#8230;.<\/p>\n","protected":false},"author":8,"featured_media":2052,"parent":333,"menu_order":0,"comment_status":"closed","ping_status":"closed","template":"page-left-sidebar.php","meta":{"footnotes":""},"class_list":["post-1718","page","type-page","status-publish","has-post-thumbnail"],"yoast_head":"<!-- This site is optimized with the Yoast SEO Premium plugin v27.4 (Yoast SEO v27.4) - https:\/\/yoast.com\/product\/yoast-seo-premium-wordpress\/ -->\n<title>Jorge Angulo-Valdes - Marine Science | Eckerd College<\/title>\n<meta name=\"robots\" content=\"index, follow, max-snippet:-1, max-image-preview:large, max-video-preview:-1\" \/>\n<link rel=\"canonical\" href=\"https:\/\/www.eckerd.edu\/marinescience\/faculty\/angulo-valdes\/\" \/>\n<meta property=\"og:locale\" content=\"en_US\" \/>\n<meta property=\"og:type\" content=\"article\" \/>\n<meta property=\"og:title\" content=\"Jorge Angulo-Valdes\" \/>\n<meta property=\"og:description\" content=\"[vc_row type=&#8221;full_width_background&#8221; full_screen_row_position=&#8221;middle&#8221; column_margin=&#8221;default&#8221; column_direction=&#8221;default&#8221; column_direction_tablet=&#8221;default&#8221; column_direction_phone=&#8221;default&#8221; scene_position=&#8221;center&#8221; top_padding=&#8221;48&#8243; text_color=&#8221;dark&#8221; text_align=&#8221;left&#8221; row_border_radius=&#8221;none&#8221; row_border_radius_applies=&#8221;bg&#8221; overflow=&#8221;visible&#8221; overlay_strength=&#8221;0.3&#8243; gradient_direction=&#8221;left_to_right&#8221; shape_divider_position=&#8221;bottom&#8221; bg_image_animation=&#8221;none&#8221;][vc_column column_padding=&#8221;no-extra-padding&#8221; column_padding_tablet=&#8221;inherit&#8221; column_padding_phone=&#8221;inherit&#8221; column_padding_position=&#8221;all&#8221; column_element_direction_desktop=&#8221;default&#8221; column_element_spacing=&#8221;default&#8221; desktop_text_alignment=&#8221;default&#8221; tablet_text_alignment=&#8221;default&#8221; phone_text_alignment=&#8221;default&#8221; background_color_opacity=&#8221;1&#8243; background_hover_color_opacity=&#8221;1&#8243; column_backdrop_filter=&#8221;none&#8221; column_shadow=&#8221;none&#8221; column_border_radius=&#8221;none&#8221; column_link_target=&#8221;_self&#8221; column_position=&#8221;default&#8221; gradient_direction=&#8221;left_to_right&#8221; overlay_strength=&#8221;0.3&#8243; width=&#8221;1\/1&#8243; tablet_width_inherit=&#8221;default&#8221; animation_type=&#8221;default&#8221; bg_image_animation=&#8221;none&#8221; border_type=&#8221;simple&#8221; column_border_width=&#8221;none&#8221; column_border_style=&#8221;solid&#8221;][vc_column_text] Jorge A....\" \/>\n<meta property=\"og:url\" content=\"https:\/\/www.eckerd.edu\/marinescience\/faculty\/angulo-valdes\/\" \/>\n<meta property=\"og:site_name\" content=\"Marine Science | Eckerd College\" \/>\n<meta property=\"article:modified_time\" content=\"2024-08-01T13:52:59+00:00\" \/>\n<meta property=\"og:image\" content=\"http:\/\/www.eckerd.edu\/marinescience\/wp-content\/uploads\/sites\/15\/2020\/10\/angulo-valdes.png\" \/>\n\t<meta property=\"og:image:width\" content=\"280\" \/>\n\t<meta property=\"og:image:height\" content=\"247\" \/>\n\t<meta property=\"og:image:type\" content=\"image\/png\" \/>\n<meta name=\"twitter:card\" content=\"summary_large_image\" \/>\n<meta name=\"twitter:label1\" content=\"Est. reading time\" \/>\n\t<meta name=\"twitter:data1\" content=\"2 minutes\" \/>\n<script type=\"application\/ld+json\" class=\"yoast-schema-graph\">{\"@context\":\"https:\\\/\\\/schema.org\",\"@graph\":[{\"@type\":\"WebPage\",\"@id\":\"https:\\\/\\\/www.eckerd.edu\\\/marinescience\\\/faculty\\\/angulo-valdes\\\/\",\"url\":\"https:\\\/\\\/www.eckerd.edu\\\/marinescience\\\/faculty\\\/angulo-valdes\\\/\",\"name\":\"Jorge Angulo-Valdes - Marine Science | Eckerd College\",\"isPartOf\":{\"@id\":\"https:\\\/\\\/www.eckerd.edu\\\/marinescience\\\/#website\"},\"primaryImageOfPage\":{\"@id\":\"https:\\\/\\\/www.eckerd.edu\\\/marinescience\\\/faculty\\\/angulo-valdes\\\/#primaryimage\"},\"image\":{\"@id\":\"https:\\\/\\\/www.eckerd.edu\\\/marinescience\\\/faculty\\\/angulo-valdes\\\/#primaryimage\"},\"thumbnailUrl\":\"https:\\\/\\\/www.eckerd.edu\\\/marinescience\\\/wp-content\\\/uploads\\\/sites\\\/15\\\/2020\\\/10\\\/angulo-valdes.png\",\"datePublished\":\"2019-11-20T16:49:27+00:00\",\"dateModified\":\"2024-08-01T13:52:59+00:00\",\"breadcrumb\":{\"@id\":\"https:\\\/\\\/www.eckerd.edu\\\/marinescience\\\/faculty\\\/angulo-valdes\\\/#breadcrumb\"},\"inLanguage\":\"en-US\",\"potentialAction\":[{\"@type\":\"ReadAction\",\"target\":[\"https:\\\/\\\/www.eckerd.edu\\\/marinescience\\\/faculty\\\/angulo-valdes\\\/\"]}]},{\"@type\":\"ImageObject\",\"inLanguage\":\"en-US\",\"@id\":\"https:\\\/\\\/www.eckerd.edu\\\/marinescience\\\/faculty\\\/angulo-valdes\\\/#primaryimage\",\"url\":\"https:\\\/\\\/www.eckerd.edu\\\/marinescience\\\/wp-content\\\/uploads\\\/sites\\\/15\\\/2020\\\/10\\\/angulo-valdes.png\",\"contentUrl\":\"https:\\\/\\\/www.eckerd.edu\\\/marinescience\\\/wp-content\\\/uploads\\\/sites\\\/15\\\/2020\\\/10\\\/angulo-valdes.png\",\"width\":280,\"height\":247},{\"@type\":\"BreadcrumbList\",\"@id\":\"https:\\\/\\\/www.eckerd.edu\\\/marinescience\\\/faculty\\\/angulo-valdes\\\/#breadcrumb\",\"itemListElement\":[{\"@type\":\"ListItem\",\"position\":1,\"name\":\"Home\",\"item\":\"https:\\\/\\\/www.eckerd.edu\\\/marinescience\\\/\"},{\"@type\":\"ListItem\",\"position\":2,\"name\":\"Faculty\",\"item\":\"https:\\\/\\\/www.eckerd.edu\\\/marinescience\\\/faculty\\\/\"},{\"@type\":\"ListItem\",\"position\":3,\"name\":\"Jorge Angulo-Valdes\"}]},{\"@type\":\"WebSite\",\"@id\":\"https:\\\/\\\/www.eckerd.edu\\\/marinescience\\\/#website\",\"url\":\"https:\\\/\\\/www.eckerd.edu\\\/marinescience\\\/\",\"name\":\"Marine Science | Eckerd College\",\"description\":\"Marine Science at Eckerd College\",\"potentialAction\":[{\"@type\":\"SearchAction\",\"target\":{\"@type\":\"EntryPoint\",\"urlTemplate\":\"https:\\\/\\\/www.eckerd.edu\\\/marinescience\\\/?s={search_term_string}\"},\"query-input\":{\"@type\":\"PropertyValueSpecification\",\"valueRequired\":true,\"valueName\":\"search_term_string\"}}],\"inLanguage\":\"en-US\"}]}<\/script>\n<!-- \/ Yoast SEO Premium plugin. -->","yoast_head_json":{"title":"Jorge Angulo-Valdes - Marine Science | Eckerd College","robots":{"index":"index","follow":"follow","max-snippet":"max-snippet:-1","max-image-preview":"max-image-preview:large","max-video-preview":"max-video-preview:-1"},"canonical":"https:\/\/www.eckerd.edu\/marinescience\/faculty\/angulo-valdes\/","og_locale":"en_US","og_type":"article","og_title":"Jorge Angulo-Valdes","og_description":"[vc_row type=&#8221;full_width_background&#8221; full_screen_row_position=&#8221;middle&#8221; column_margin=&#8221;default&#8221; column_direction=&#8221;default&#8221; column_direction_tablet=&#8221;default&#8221; column_direction_phone=&#8221;default&#8221; scene_position=&#8221;center&#8221; top_padding=&#8221;48&#8243; text_color=&#8221;dark&#8221; text_align=&#8221;left&#8221; row_border_radius=&#8221;none&#8221; row_border_radius_applies=&#8221;bg&#8221; overflow=&#8221;visible&#8221; overlay_strength=&#8221;0.3&#8243; gradient_direction=&#8221;left_to_right&#8221; shape_divider_position=&#8221;bottom&#8221; bg_image_animation=&#8221;none&#8221;][vc_column column_padding=&#8221;no-extra-padding&#8221; column_padding_tablet=&#8221;inherit&#8221; column_padding_phone=&#8221;inherit&#8221; column_padding_position=&#8221;all&#8221; column_element_direction_desktop=&#8221;default&#8221; column_element_spacing=&#8221;default&#8221; desktop_text_alignment=&#8221;default&#8221; tablet_text_alignment=&#8221;default&#8221; phone_text_alignment=&#8221;default&#8221; background_color_opacity=&#8221;1&#8243; background_hover_color_opacity=&#8221;1&#8243; column_backdrop_filter=&#8221;none&#8221; column_shadow=&#8221;none&#8221; column_border_radius=&#8221;none&#8221; column_link_target=&#8221;_self&#8221; column_position=&#8221;default&#8221; gradient_direction=&#8221;left_to_right&#8221; overlay_strength=&#8221;0.3&#8243; width=&#8221;1\/1&#8243; tablet_width_inherit=&#8221;default&#8221; animation_type=&#8221;default&#8221; bg_image_animation=&#8221;none&#8221; border_type=&#8221;simple&#8221; column_border_width=&#8221;none&#8221; column_border_style=&#8221;solid&#8221;][vc_column_text] Jorge A....","og_url":"https:\/\/www.eckerd.edu\/marinescience\/faculty\/angulo-valdes\/","og_site_name":"Marine Science | Eckerd College","article_modified_time":"2024-08-01T13:52:59+00:00","og_image":[{"width":280,"height":247,"url":"http:\/\/www.eckerd.edu\/marinescience\/wp-content\/uploads\/sites\/15\/2020\/10\/angulo-valdes.png","type":"image\/png"}],"twitter_card":"summary_large_image","twitter_misc":{"Est. reading time":"2 minutes"},"schema":{"@context":"https:\/\/schema.org","@graph":[{"@type":"WebPage","@id":"https:\/\/www.eckerd.edu\/marinescience\/faculty\/angulo-valdes\/","url":"https:\/\/www.eckerd.edu\/marinescience\/faculty\/angulo-valdes\/","name":"Jorge Angulo-Valdes - Marine Science | Eckerd College","isPartOf":{"@id":"https:\/\/www.eckerd.edu\/marinescience\/#website"},"primaryImageOfPage":{"@id":"https:\/\/www.eckerd.edu\/marinescience\/faculty\/angulo-valdes\/#primaryimage"},"image":{"@id":"https:\/\/www.eckerd.edu\/marinescience\/faculty\/angulo-valdes\/#primaryimage"},"thumbnailUrl":"https:\/\/www.eckerd.edu\/marinescience\/wp-content\/uploads\/sites\/15\/2020\/10\/angulo-valdes.png","datePublished":"2019-11-20T16:49:27+00:00","dateModified":"2024-08-01T13:52:59+00:00","breadcrumb":{"@id":"https:\/\/www.eckerd.edu\/marinescience\/faculty\/angulo-valdes\/#breadcrumb"},"inLanguage":"en-US","potentialAction":[{"@type":"ReadAction","target":["https:\/\/www.eckerd.edu\/marinescience\/faculty\/angulo-valdes\/"]}]},{"@type":"ImageObject","inLanguage":"en-US","@id":"https:\/\/www.eckerd.edu\/marinescience\/faculty\/angulo-valdes\/#primaryimage","url":"https:\/\/www.eckerd.edu\/marinescience\/wp-content\/uploads\/sites\/15\/2020\/10\/angulo-valdes.png","contentUrl":"https:\/\/www.eckerd.edu\/marinescience\/wp-content\/uploads\/sites\/15\/2020\/10\/angulo-valdes.png","width":280,"height":247},{"@type":"BreadcrumbList","@id":"https:\/\/www.eckerd.edu\/marinescience\/faculty\/angulo-valdes\/#breadcrumb","itemListElement":[{"@type":"ListItem","position":1,"name":"Home","item":"https:\/\/www.eckerd.edu\/marinescience\/"},{"@type":"ListItem","position":2,"name":"Faculty","item":"https:\/\/www.eckerd.edu\/marinescience\/faculty\/"},{"@type":"ListItem","position":3,"name":"Jorge Angulo-Valdes"}]},{"@type":"WebSite","@id":"https:\/\/www.eckerd.edu\/marinescience\/#website","url":"https:\/\/www.eckerd.edu\/marinescience\/","name":"Marine Science | Eckerd College","description":"Marine Science at Eckerd College","potentialAction":[{"@type":"SearchAction","target":{"@type":"EntryPoint","urlTemplate":"https:\/\/www.eckerd.edu\/marinescience\/?s={search_term_string}"},"query-input":{"@type":"PropertyValueSpecification","valueRequired":true,"valueName":"search_term_string"}}],"inLanguage":"en-US"}]}},"_links":{"self":[{"href":"https:\/\/www.eckerd.edu\/marinescience\/wp-json\/wp\/v2\/pages\/1718","targetHints":{"allow":["GET"]}}],"collection":[{"href":"https:\/\/www.eckerd.edu\/marinescience\/wp-json\/wp\/v2\/pages"}],"about":[{"href":"https:\/\/www.eckerd.edu\/marinescience\/wp-json\/wp\/v2\/types\/page"}],"author":[{"embeddable":true,"href":"https:\/\/www.eckerd.edu\/marinescience\/wp-json\/wp\/v2\/users\/8"}],"replies":[{"embeddable":true,"href":"https:\/\/www.eckerd.edu\/marinescience\/wp-json\/wp\/v2\/comments?post=1718"}],"version-history":[{"count":5,"href":"https:\/\/www.eckerd.edu\/marinescience\/wp-json\/wp\/v2\/pages\/1718\/revisions"}],"predecessor-version":[{"id":2701,"href":"https:\/\/www.eckerd.edu\/marinescience\/wp-json\/wp\/v2\/pages\/1718\/revisions\/2701"}],"up":[{"embeddable":true,"href":"https:\/\/www.eckerd.edu\/marinescience\/wp-json\/wp\/v2\/pages\/333"}],"wp:featuredmedia":[{"embeddable":true,"href":"https:\/\/www.eckerd.edu\/marinescience\/wp-json\/wp\/v2\/media\/2052"}],"wp:attachment":[{"href":"https:\/\/www.eckerd.edu\/marinescience\/wp-json\/wp\/v2\/media?parent=1718"}],"curies":[{"name":"wp","href":"https:\/\/api.w.org\/{rel}","templated":true}]}}