{"id":1571,"date":"2022-10-18T15:30:50","date_gmt":"2022-10-18T19:30:50","guid":{"rendered":"https:\/\/www.eckerd.edu\/spanish\/?page_id=1571"},"modified":"2025-03-31T12:47:47","modified_gmt":"2025-03-31T16:47:47","slug":"delano","status":"publish","type":"page","link":"https:\/\/www.eckerd.edu\/spanish\/faculty\/delano\/","title":{"rendered":"Cristina Delano"},"content":{"rendered":"[vc_row type=&#8221;full_width_background&#8221; full_screen_row_position=&#8221;middle&#8221; column_margin=&#8221;default&#8221; column_direction=&#8221;default&#8221; column_direction_tablet=&#8221;default&#8221; column_direction_phone=&#8221;default&#8221; scene_position=&#8221;center&#8221; top_padding=&#8221;48&#8243; text_color=&#8221;dark&#8221; text_align=&#8221;left&#8221; row_border_radius=&#8221;none&#8221; row_border_radius_applies=&#8221;bg&#8221; overflow=&#8221;visible&#8221; overlay_strength=&#8221;0.3&#8243; gradient_direction=&#8221;left_to_right&#8221; shape_divider_position=&#8221;bottom&#8221; bg_image_animation=&#8221;none&#8221;][vc_column column_padding=&#8221;no-extra-padding&#8221; column_padding_tablet=&#8221;inherit&#8221; column_padding_phone=&#8221;inherit&#8221; column_padding_position=&#8221;all&#8221; column_element_direction_desktop=&#8221;default&#8221; column_element_spacing=&#8221;default&#8221; desktop_text_alignment=&#8221;default&#8221; tablet_text_alignment=&#8221;default&#8221; phone_text_alignment=&#8221;default&#8221; background_color_opacity=&#8221;1&#8243; background_hover_color_opacity=&#8221;1&#8243; column_backdrop_filter=&#8221;none&#8221; column_shadow=&#8221;none&#8221; column_border_radius=&#8221;none&#8221; column_link_target=&#8221;_self&#8221; column_position=&#8221;default&#8221; gradient_direction=&#8221;left_to_right&#8221; overlay_strength=&#8221;0.3&#8243; width=&#8221;1\/1&#8243; tablet_width_inherit=&#8221;default&#8221; animation_type=&#8221;default&#8221; bg_image_animation=&#8221;none&#8221; border_type=&#8221;simple&#8221; column_border_width=&#8221;none&#8221; column_border_style=&#8221;solid&#8221;][vc_column_text]\n<h2>Cristina Delano<\/h2>\n[\/vc_column_text][vc_column_text]\n<h3>Assistant Professor of Spanish<\/h3>\n[\/vc_column_text][divider line_type=&#8221;No Line&#8221; custom_height=&#8221;32&#8243;][vc_row_inner column_margin=&#8221;default&#8221; column_direction=&#8221;default&#8221; column_direction_tablet=&#8221;default&#8221; column_direction_phone=&#8221;default&#8221; text_align=&#8221;left&#8221; row_position=&#8221;default&#8221; row_position_tablet=&#8221;inherit&#8221; row_position_phone=&#8221;inherit&#8221; overflow=&#8221;visible&#8221; pointer_events=&#8221;all&#8221;][vc_column_inner column_padding=&#8221;no-extra-padding&#8221; column_padding_tablet=&#8221;inherit&#8221; column_padding_phone=&#8221;inherit&#8221; column_padding_position=&#8221;all&#8221; column_element_direction_desktop=&#8221;default&#8221; column_element_spacing=&#8221;default&#8221; desktop_text_alignment=&#8221;default&#8221; tablet_text_alignment=&#8221;default&#8221; phone_text_alignment=&#8221;default&#8221; background_color_opacity=&#8221;1&#8243; background_hover_color_opacity=&#8221;1&#8243; column_backdrop_filter=&#8221;none&#8221; column_shadow=&#8221;none&#8221; column_border_radius=&#8221;none&#8221; column_link_target=&#8221;_self&#8221; overflow=&#8221;visible&#8221; gradient_direction=&#8221;left_to_right&#8221; overlay_strength=&#8221;0.3&#8243; width=&#8221;2\/3&#8243; tablet_width_inherit=&#8221;default&#8221; animation_type=&#8221;default&#8221; bg_image_animation=&#8221;none&#8221; border_type=&#8221;simple&#8221; column_border_width=&#8221;none&#8221; column_border_style=&#8221;solid&#8221;]<div class=\"iwithtext\"><div class=\"iwt-icon\"> <i class=\"icon-default-style fa fa-university accent-color\"><\/i> <\/div><div class=\"iwt-text\"> <a href=\"https:\/\/drive.google.com\/file\/d\/1pkyKcOP0kHFrzPus5i9JaFlW2nLPXuw8\/view?usp=sharing\">Curriculum vitae<\/a> <\/div><div class=\"clear\"><\/div><\/div><div class=\"iwithtext\"><div class=\"iwt-icon\"> <i class=\"icon-default-style fa fa-envelope-o accent-color\"><\/i> <\/div><div class=\"iwt-text\"> <a href=\"mailto:delanocl@eckerd.edu\">delanocl@eckerd.edu<\/a> <\/div><div class=\"clear\"><\/div><\/div><div class=\"iwithtext\"><div class=\"iwt-icon\"> <i class=\"icon-default-style fa fa-map-marker accent-color\"><\/i> <\/div><div class=\"iwt-text\"> Forrer 115 <\/div><div class=\"clear\"><\/div><\/div><div class=\"iwithtext\"><div class=\"iwt-icon\"> <i class=\"icon-default-style fa fa-phone accent-color\"><\/i> <\/div><div class=\"iwt-text\"> <a href=\"tel:727-864-8525\">727.864.8525<\/a> <\/div><div class=\"clear\"><\/div><\/div><div class=\"iwithtext\"><div class=\"iwt-icon\"> <i class=\"icon-default-style fa fa-bookmark accent-color\"><\/i> <\/div><div class=\"iwt-text\"> \n<p class=\"p1\"><a href=\"https:\/\/ecscholar.eckerd.edu\/esploro\/profile\/cristina_delano\/output\/all?institution=01ECKERD_INST\"><span class=\"s1\">Scholarship &amp; Creative Works <\/span><\/a><\/p>\n <\/div><div class=\"clear\"><\/div><\/div>[divider line_type=&#8221;No Line&#8221; custom_height=&#8221;32&#8243;][vc_column_text]\n<h4>Degrees<\/h4>\n<ul>\n<li>Ph.D. Spanish, Emory University, December 2010<\/li>\n<li>M.A. Spanish, University of South Florida, May 2005<\/li>\n<li>B.A. Spanish, University of South Florida, May 2003<\/li>\n<\/ul>\n[\/vc_column_text][divider line_type=&#8221;No Line&#8221; custom_height=&#8221;32&#8243;][vc_column_text]\n<h4>Courses taught<\/h4>\n<ul>\n<li>Courses Taught<\/li>\n<li>Basic Spanish Language I-IV<\/li>\n<li>AP Spanish Language and Culture<\/li>\n<li>AP Spanish Literature and Culture<\/li>\n<li>Conversation and Composition<\/li>\n<li>Introduction to Hispanic Civilizations<\/li>\n<li>Spanish Civilization<\/li>\n<li>Introduction to Literature and Literary Analysis<\/li>\n<li>Eighteenth and Nineteenth-Century Spanish Literature<\/li>\n<li>Survey of Modern Spanish Literature<\/li>\n<li>Gothic Literature of Spain<\/li>\n<\/ul>\n[\/vc_column_text][divider line_type=&#8221;No Line&#8221; custom_height=&#8221;32&#8243;][vc_column_text]\n<h4>Selected publications<\/h4>\n<ul>\n<li>2021 \u201cThe Gothic Child and Signs of Hate in Wenceslao Ayguals de Izco\u2019s<em> El Tigre del Maestrazgo<\/em> (1846-1848).\u201d <em>Romance Notes<\/em>. 61.2 (2021): 331-340.<\/li>\n<li>2020 \u201cMasculinity, Affect, and Carlist <em>malestar<\/em> in Gald\u00f3s\u2019s <em>Zumalac\u00e1rregui<\/em>.\u201d <em>Anales Galdosianos<\/em>. 55 (2020): 13-26.<\/li>\n<li>2016 \u201cContesting the Capital of Culture in Antonio Mu\u00f1oz Molina\u2019s <em>Los misterios de Madrid<\/em>.\u201d <em>Romance Quarterly<\/em>. 63.3 (2016): 116-123.<\/li>\n<li>2016 \u201cGothic Tales of the Liberal Nation in Juan Mart\u00ednez Villergas\u2019s <em>Los misterios de Madrid<\/em> (1844-1845).\u201d <em>Bulletin of Hispanic Studies<\/em>. 93.3 (2016): 269-283.<\/li>\n<li>2015 \u201cMapping the Gothic Urban Imaginary in Juan Mart\u00ednez Villergas\u2019s <em>Los misterios de Madrid<\/em>.\u201d <em>Decimon\u00f3nica: Journal of Nineteenth-Century Hispanic Cultural Production<\/em>. 12.2 (2015): 1-13.<\/li>\n<li>2013 \u201cBarcelona Underground: The Secret Metropolis in Antonio-Prometeo Moya\u2019s <em>Los misterios de Barcelona<\/em> (2006).\u201d <em>Letras Hispanas<\/em> 9.2 (2013): 24-31.<\/li>\n<li>2012 \u201cBoredom, Desire, and Romantic Subjectivity in Rosa Chacel\u2019s Teresa.\u201d <em>Letras Femeninas<\/em> 38.2 (2012): 129-141.<\/li>\n<li>2009 \u201cDe saberes, diabolismo, teolog\u00eda y otros sue\u00f1os de la raz\u00f3n en Sor Juana In\u00e9s de la Cruz.\u201d <em>Esp\u00e9culo: Revista de Estudios Literarios<\/em>. 43 (2009): no pagination.<\/li>\n<\/ul>\n[\/vc_column_text][\/vc_column_inner][vc_column_inner column_padding=&#8221;no-extra-padding&#8221; column_padding_tablet=&#8221;inherit&#8221; column_padding_phone=&#8221;inherit&#8221; column_padding_position=&#8221;all&#8221; column_element_direction_desktop=&#8221;default&#8221; column_element_spacing=&#8221;default&#8221; desktop_text_alignment=&#8221;default&#8221; tablet_text_alignment=&#8221;default&#8221; phone_text_alignment=&#8221;default&#8221; background_color_opacity=&#8221;1&#8243; background_hover_color_opacity=&#8221;1&#8243; column_backdrop_filter=&#8221;none&#8221; column_shadow=&#8221;none&#8221; column_border_radius=&#8221;none&#8221; column_link_target=&#8221;_self&#8221; overflow=&#8221;visible&#8221; gradient_direction=&#8221;left_to_right&#8221; overlay_strength=&#8221;0.3&#8243; width=&#8221;1\/3&#8243; tablet_width_inherit=&#8221;default&#8221; animation_type=&#8221;default&#8221; bg_image_animation=&#8221;none&#8221; border_type=&#8221;simple&#8221; column_border_width=&#8221;none&#8221; column_border_style=&#8221;solid&#8221;][image_with_animation image_url=&#8221;1572&#8243; image_size=&#8221;full&#8221; animation_type=&#8221;entrance&#8221; animation=&#8221;Fade In&#8221; animation_easing=&#8221;default&#8221; animation_movement_type=&#8221;transform_y&#8221; hover_animation=&#8221;none&#8221; alignment=&#8221;&#8221; border_radius=&#8221;none&#8221; box_shadow=&#8221;none&#8221; image_loading=&#8221;default&#8221; max_width=&#8221;100%&#8221; max_width_mobile=&#8221;default&#8221;][\/vc_column_inner][\/vc_row_inner][\/vc_column][\/vc_row]\n","protected":false},"excerpt":{"rendered":"<p>[vc_row type=&#8221;full_width_background&#8221; full_screen_row_position=&#8221;middle&#8221; column_margin=&#8221;default&#8221; column_direction=&#8221;default&#8221; column_direction_tablet=&#8221;default&#8221; column_direction_phone=&#8221;default&#8221; scene_position=&#8221;center&#8221; top_padding=&#8221;48&#8243; text_color=&#8221;dark&#8221; text_align=&#8221;left&#8221; row_border_radius=&#8221;none&#8221; row_border_radius_applies=&#8221;bg&#8221; overflow=&#8221;visible&#8221; overlay_strength=&#8221;0.3&#8243; gradient_direction=&#8221;left_to_right&#8221; shape_divider_position=&#8221;bottom&#8221; bg_image_animation=&#8221;none&#8221;][vc_column column_padding=&#8221;no-extra-padding&#8221; column_padding_tablet=&#8221;inherit&#8221; column_padding_phone=&#8221;inherit&#8221; column_padding_position=&#8221;all&#8221; column_element_direction_desktop=&#8221;default&#8221; column_element_spacing=&#8221;default&#8221; desktop_text_alignment=&#8221;default&#8221; tablet_text_alignment=&#8221;default&#8221; phone_text_alignment=&#8221;default&#8221; background_color_opacity=&#8221;1&#8243; background_hover_color_opacity=&#8221;1&#8243; column_backdrop_filter=&#8221;none&#8221; column_shadow=&#8221;none&#8221; column_border_radius=&#8221;none&#8221; column_link_target=&#8221;_self&#8221; column_position=&#8221;default&#8221; gradient_direction=&#8221;left_to_right&#8221; overlay_strength=&#8221;0.3&#8243; width=&#8221;1\/1&#8243; tablet_width_inherit=&#8221;default&#8221; animation_type=&#8221;default&#8221; bg_image_animation=&#8221;none&#8221; border_type=&#8221;simple&#8221; column_border_width=&#8221;none&#8221; column_border_style=&#8221;solid&#8221;][vc_column_text] Cristina Delano&#8230;<\/p>\n","protected":false},"author":8,"featured_media":0,"parent":315,"menu_order":0,"comment_status":"closed","ping_status":"closed","template":"page-left-sidebar.php","meta":{"footnotes":""},"class_list":["post-1571","page","type-page","status-publish"],"yoast_head":"<!-- This site is optimized with the Yoast SEO Premium plugin v27.6 (Yoast SEO v27.6) - https:\/\/yoast.com\/product\/yoast-seo-premium-wordpress\/ -->\n<title>Cristina Delano - Spanish | Eckerd College<\/title>\n<meta name=\"robots\" content=\"index, follow, max-snippet:-1, max-image-preview:large, max-video-preview:-1\" \/>\n<link rel=\"canonical\" href=\"https:\/\/www.eckerd.edu\/spanish\/faculty\/delano\/\" \/>\n<meta property=\"og:locale\" content=\"en_US\" \/>\n<meta property=\"og:type\" content=\"article\" \/>\n<meta property=\"og:title\" content=\"Cristina Delano\" \/>\n<meta property=\"og:description\" content=\"[vc_row type=&#8221;full_width_background&#8221; full_screen_row_position=&#8221;middle&#8221; column_margin=&#8221;default&#8221; column_direction=&#8221;default&#8221; column_direction_tablet=&#8221;default&#8221; column_direction_phone=&#8221;default&#8221; scene_position=&#8221;center&#8221; top_padding=&#8221;48&#8243; text_color=&#8221;dark&#8221; text_align=&#8221;left&#8221; row_border_radius=&#8221;none&#8221; row_border_radius_applies=&#8221;bg&#8221; overflow=&#8221;visible&#8221; overlay_strength=&#8221;0.3&#8243; gradient_direction=&#8221;left_to_right&#8221; shape_divider_position=&#8221;bottom&#8221; bg_image_animation=&#8221;none&#8221;][vc_column column_padding=&#8221;no-extra-padding&#8221; column_padding_tablet=&#8221;inherit&#8221; column_padding_phone=&#8221;inherit&#8221; column_padding_position=&#8221;all&#8221; column_element_direction_desktop=&#8221;default&#8221; column_element_spacing=&#8221;default&#8221; desktop_text_alignment=&#8221;default&#8221; tablet_text_alignment=&#8221;default&#8221; phone_text_alignment=&#8221;default&#8221; background_color_opacity=&#8221;1&#8243; background_hover_color_opacity=&#8221;1&#8243; column_backdrop_filter=&#8221;none&#8221; column_shadow=&#8221;none&#8221; column_border_radius=&#8221;none&#8221; column_link_target=&#8221;_self&#8221; column_position=&#8221;default&#8221; gradient_direction=&#8221;left_to_right&#8221; overlay_strength=&#8221;0.3&#8243; width=&#8221;1\/1&#8243; tablet_width_inherit=&#8221;default&#8221; animation_type=&#8221;default&#8221; bg_image_animation=&#8221;none&#8221; border_type=&#8221;simple&#8221; column_border_width=&#8221;none&#8221; column_border_style=&#8221;solid&#8221;][vc_column_text] Cristina Delano...\" \/>\n<meta property=\"og:url\" content=\"https:\/\/www.eckerd.edu\/spanish\/faculty\/delano\/\" \/>\n<meta property=\"og:site_name\" content=\"Spanish | Eckerd College\" \/>\n<meta property=\"article:modified_time\" content=\"2025-03-31T16:47:47+00:00\" \/>\n<meta name=\"twitter:card\" content=\"summary_large_image\" \/>\n<meta name=\"twitter:label1\" content=\"Est. reading time\" \/>\n\t<meta name=\"twitter:data1\" content=\"2 minutes\" \/>\n<script type=\"application\/ld+json\" class=\"yoast-schema-graph\">{\"@context\":\"https:\\\/\\\/schema.org\",\"@graph\":[{\"@type\":\"WebPage\",\"@id\":\"https:\\\/\\\/www.eckerd.edu\\\/spanish\\\/faculty\\\/delano\\\/\",\"url\":\"https:\\\/\\\/www.eckerd.edu\\\/spanish\\\/faculty\\\/delano\\\/\",\"name\":\"Cristina Delano - Spanish | Eckerd College\",\"isPartOf\":{\"@id\":\"https:\\\/\\\/www.eckerd.edu\\\/spanish\\\/#website\"},\"datePublished\":\"2022-10-18T19:30:50+00:00\",\"dateModified\":\"2025-03-31T16:47:47+00:00\",\"breadcrumb\":{\"@id\":\"https:\\\/\\\/www.eckerd.edu\\\/spanish\\\/faculty\\\/delano\\\/#breadcrumb\"},\"inLanguage\":\"en-US\",\"potentialAction\":[{\"@type\":\"ReadAction\",\"target\":[\"https:\\\/\\\/www.eckerd.edu\\\/spanish\\\/faculty\\\/delano\\\/\"]}]},{\"@type\":\"BreadcrumbList\",\"@id\":\"https:\\\/\\\/www.eckerd.edu\\\/spanish\\\/faculty\\\/delano\\\/#breadcrumb\",\"itemListElement\":[{\"@type\":\"ListItem\",\"position\":1,\"name\":\"Faculty\",\"item\":\"https:\\\/\\\/www.eckerd.edu\\\/spanish\\\/faculty\\\/\"},{\"@type\":\"ListItem\",\"position\":2,\"name\":\"Cristina Delano\"}]},{\"@type\":\"WebSite\",\"@id\":\"https:\\\/\\\/www.eckerd.edu\\\/spanish\\\/#website\",\"url\":\"https:\\\/\\\/www.eckerd.edu\\\/spanish\\\/\",\"name\":\"Spanish | Eckerd College\",\"description\":\"Spanish at Eckerd College\",\"potentialAction\":[{\"@type\":\"SearchAction\",\"target\":{\"@type\":\"EntryPoint\",\"urlTemplate\":\"https:\\\/\\\/www.eckerd.edu\\\/spanish\\\/?s={search_term_string}\"},\"query-input\":{\"@type\":\"PropertyValueSpecification\",\"valueRequired\":true,\"valueName\":\"search_term_string\"}}],\"inLanguage\":\"en-US\"}]}<\/script>\n<!-- \/ Yoast SEO Premium plugin. -->","yoast_head_json":{"title":"Cristina Delano - Spanish | Eckerd College","robots":{"index":"index","follow":"follow","max-snippet":"max-snippet:-1","max-image-preview":"max-image-preview:large","max-video-preview":"max-video-preview:-1"},"canonical":"https:\/\/www.eckerd.edu\/spanish\/faculty\/delano\/","og_locale":"en_US","og_type":"article","og_title":"Cristina Delano","og_description":"[vc_row type=&#8221;full_width_background&#8221; full_screen_row_position=&#8221;middle&#8221; column_margin=&#8221;default&#8221; column_direction=&#8221;default&#8221; column_direction_tablet=&#8221;default&#8221; column_direction_phone=&#8221;default&#8221; scene_position=&#8221;center&#8221; top_padding=&#8221;48&#8243; text_color=&#8221;dark&#8221; text_align=&#8221;left&#8221; row_border_radius=&#8221;none&#8221; row_border_radius_applies=&#8221;bg&#8221; overflow=&#8221;visible&#8221; overlay_strength=&#8221;0.3&#8243; gradient_direction=&#8221;left_to_right&#8221; shape_divider_position=&#8221;bottom&#8221; bg_image_animation=&#8221;none&#8221;][vc_column column_padding=&#8221;no-extra-padding&#8221; column_padding_tablet=&#8221;inherit&#8221; column_padding_phone=&#8221;inherit&#8221; column_padding_position=&#8221;all&#8221; column_element_direction_desktop=&#8221;default&#8221; column_element_spacing=&#8221;default&#8221; desktop_text_alignment=&#8221;default&#8221; tablet_text_alignment=&#8221;default&#8221; phone_text_alignment=&#8221;default&#8221; background_color_opacity=&#8221;1&#8243; background_hover_color_opacity=&#8221;1&#8243; column_backdrop_filter=&#8221;none&#8221; column_shadow=&#8221;none&#8221; column_border_radius=&#8221;none&#8221; column_link_target=&#8221;_self&#8221; column_position=&#8221;default&#8221; gradient_direction=&#8221;left_to_right&#8221; overlay_strength=&#8221;0.3&#8243; width=&#8221;1\/1&#8243; tablet_width_inherit=&#8221;default&#8221; animation_type=&#8221;default&#8221; bg_image_animation=&#8221;none&#8221; border_type=&#8221;simple&#8221; column_border_width=&#8221;none&#8221; column_border_style=&#8221;solid&#8221;][vc_column_text] Cristina Delano...","og_url":"https:\/\/www.eckerd.edu\/spanish\/faculty\/delano\/","og_site_name":"Spanish | Eckerd College","article_modified_time":"2025-03-31T16:47:47+00:00","twitter_card":"summary_large_image","twitter_misc":{"Est. reading time":"2 minutes"},"schema":{"@context":"https:\/\/schema.org","@graph":[{"@type":"WebPage","@id":"https:\/\/www.eckerd.edu\/spanish\/faculty\/delano\/","url":"https:\/\/www.eckerd.edu\/spanish\/faculty\/delano\/","name":"Cristina Delano - Spanish | Eckerd College","isPartOf":{"@id":"https:\/\/www.eckerd.edu\/spanish\/#website"},"datePublished":"2022-10-18T19:30:50+00:00","dateModified":"2025-03-31T16:47:47+00:00","breadcrumb":{"@id":"https:\/\/www.eckerd.edu\/spanish\/faculty\/delano\/#breadcrumb"},"inLanguage":"en-US","potentialAction":[{"@type":"ReadAction","target":["https:\/\/www.eckerd.edu\/spanish\/faculty\/delano\/"]}]},{"@type":"BreadcrumbList","@id":"https:\/\/www.eckerd.edu\/spanish\/faculty\/delano\/#breadcrumb","itemListElement":[{"@type":"ListItem","position":1,"name":"Faculty","item":"https:\/\/www.eckerd.edu\/spanish\/faculty\/"},{"@type":"ListItem","position":2,"name":"Cristina Delano"}]},{"@type":"WebSite","@id":"https:\/\/www.eckerd.edu\/spanish\/#website","url":"https:\/\/www.eckerd.edu\/spanish\/","name":"Spanish | Eckerd College","description":"Spanish at Eckerd College","potentialAction":[{"@type":"SearchAction","target":{"@type":"EntryPoint","urlTemplate":"https:\/\/www.eckerd.edu\/spanish\/?s={search_term_string}"},"query-input":{"@type":"PropertyValueSpecification","valueRequired":true,"valueName":"search_term_string"}}],"inLanguage":"en-US"}]}},"_links":{"self":[{"href":"https:\/\/www.eckerd.edu\/spanish\/wp-json\/wp\/v2\/pages\/1571","targetHints":{"allow":["GET"]}}],"collection":[{"href":"https:\/\/www.eckerd.edu\/spanish\/wp-json\/wp\/v2\/pages"}],"about":[{"href":"https:\/\/www.eckerd.edu\/spanish\/wp-json\/wp\/v2\/types\/page"}],"author":[{"embeddable":true,"href":"https:\/\/www.eckerd.edu\/spanish\/wp-json\/wp\/v2\/users\/8"}],"replies":[{"embeddable":true,"href":"https:\/\/www.eckerd.edu\/spanish\/wp-json\/wp\/v2\/comments?post=1571"}],"version-history":[{"count":3,"href":"https:\/\/www.eckerd.edu\/spanish\/wp-json\/wp\/v2\/pages\/1571\/revisions"}],"predecessor-version":[{"id":1677,"href":"https:\/\/www.eckerd.edu\/spanish\/wp-json\/wp\/v2\/pages\/1571\/revisions\/1677"}],"up":[{"embeddable":true,"href":"https:\/\/www.eckerd.edu\/spanish\/wp-json\/wp\/v2\/pages\/315"}],"wp:attachment":[{"href":"https:\/\/www.eckerd.edu\/spanish\/wp-json\/wp\/v2\/media?parent=1571"}],"curies":[{"name":"wp","href":"https:\/\/api.w.org\/{rel}","templated":true}]}}