{"id":1686,"date":"2025-09-12T13:09:07","date_gmt":"2025-09-12T17:09:07","guid":{"rendered":"https:\/\/www.eckerd.edu\/spanish\/?page_id=1686"},"modified":"2025-09-29T13:08:02","modified_gmt":"2025-09-29T17:08:02","slug":"burner","status":"publish","type":"page","link":"https:\/\/www.eckerd.edu\/spanish\/faculty\/burner\/","title":{"rendered":"Matthew Burner"},"content":{"rendered":"[vc_row type=&#8221;full_width_background&#8221; full_screen_row_position=&#8221;middle&#8221; column_margin=&#8221;default&#8221; column_direction=&#8221;default&#8221; column_direction_tablet=&#8221;default&#8221; column_direction_phone=&#8221;default&#8221; scene_position=&#8221;center&#8221; top_padding=&#8221;48&#8243; text_color=&#8221;dark&#8221; text_align=&#8221;left&#8221; row_border_radius=&#8221;none&#8221; row_border_radius_applies=&#8221;bg&#8221; overflow=&#8221;visible&#8221; overlay_strength=&#8221;0.3&#8243; gradient_direction=&#8221;left_to_right&#8221; shape_divider_position=&#8221;bottom&#8221; bg_image_animation=&#8221;none&#8221;][vc_column column_padding=&#8221;no-extra-padding&#8221; column_padding_tablet=&#8221;inherit&#8221; column_padding_phone=&#8221;inherit&#8221; column_padding_position=&#8221;all&#8221; column_element_direction_desktop=&#8221;default&#8221; column_element_spacing=&#8221;default&#8221; desktop_text_alignment=&#8221;default&#8221; tablet_text_alignment=&#8221;default&#8221; phone_text_alignment=&#8221;default&#8221; background_color_opacity=&#8221;1&#8243; background_hover_color_opacity=&#8221;1&#8243; column_backdrop_filter=&#8221;none&#8221; column_shadow=&#8221;none&#8221; column_border_radius=&#8221;none&#8221; column_link_target=&#8221;_self&#8221; column_position=&#8221;default&#8221; gradient_direction=&#8221;left_to_right&#8221; overlay_strength=&#8221;0.3&#8243; width=&#8221;1\/1&#8243; tablet_width_inherit=&#8221;default&#8221; animation_type=&#8221;default&#8221; bg_image_animation=&#8221;none&#8221; border_type=&#8221;simple&#8221; column_border_width=&#8221;none&#8221; column_border_style=&#8221;solid&#8221;][vc_column_text css=&#8221;&#8221; text_direction=&#8221;default&#8221;]\n<h2>Matthew J. Burner<\/h2>\n[\/vc_column_text][vc_column_text]\n<h3>Assistant Professor of Spanish<\/h3>\n[\/vc_column_text][divider line_type=&#8221;No Line&#8221; custom_height=&#8221;32&#8243;][vc_row_inner column_margin=&#8221;default&#8221; column_direction=&#8221;default&#8221; column_direction_tablet=&#8221;default&#8221; column_direction_phone=&#8221;default&#8221; text_align=&#8221;left&#8221; row_position=&#8221;default&#8221; row_position_tablet=&#8221;inherit&#8221; row_position_phone=&#8221;inherit&#8221; overflow=&#8221;visible&#8221; pointer_events=&#8221;all&#8221;][vc_column_inner column_padding=&#8221;no-extra-padding&#8221; column_padding_tablet=&#8221;inherit&#8221; column_padding_phone=&#8221;inherit&#8221; column_padding_position=&#8221;all&#8221; column_element_direction_desktop=&#8221;default&#8221; column_element_spacing=&#8221;default&#8221; desktop_text_alignment=&#8221;default&#8221; tablet_text_alignment=&#8221;default&#8221; phone_text_alignment=&#8221;default&#8221; background_color_opacity=&#8221;1&#8243; background_hover_color_opacity=&#8221;1&#8243; column_backdrop_filter=&#8221;none&#8221; column_shadow=&#8221;none&#8221; column_border_radius=&#8221;none&#8221; column_link_target=&#8221;_self&#8221; overflow=&#8221;visible&#8221; gradient_direction=&#8221;left_to_right&#8221; overlay_strength=&#8221;0.3&#8243; width=&#8221;2\/3&#8243; tablet_width_inherit=&#8221;default&#8221; animation_type=&#8221;default&#8221; bg_image_animation=&#8221;none&#8221; border_type=&#8221;simple&#8221; column_border_width=&#8221;none&#8221; column_border_style=&#8221;solid&#8221;]<div class=\"iwithtext\"><div class=\"iwt-icon\"> <i class=\"icon-default-style fa fa-university accent-color\"><\/i> <\/div><div class=\"iwt-text\"> <a href=\"https:\/\/drive.google.com\/file\/d\/13dFdKSINfh3AAxkBZvWXp7hT1_GXgKY3\/view\">Curriculum vitae<\/a> <\/div><div class=\"clear\"><\/div><\/div><div class=\"iwithtext\"><div class=\"iwt-icon\"> <i class=\"icon-default-style fa fa-envelope-o accent-color\"><\/i> <\/div><div class=\"iwt-text\"> <a href=\"mailto:burnermj@eckerd.edu\">burnermj@eckerd.edu<\/a> <\/div><div class=\"clear\"><\/div><\/div><div class=\"iwithtext\"><div class=\"iwt-icon\"> <i class=\"icon-default-style fa fa-map-marker accent-color\"><\/i> <\/div><div class=\"iwt-text\"> Forrer 118 <\/div><div class=\"clear\"><\/div><\/div><div class=\"iwithtext\"><div class=\"iwt-icon\"> <i class=\"icon-default-style fa fa-phone accent-color\"><\/i> <\/div><div class=\"iwt-text\"> <a href=\"tel:727-864-8448\">727.864.8448<\/a> <\/div><div class=\"clear\"><\/div><\/div><div class=\"iwithtext\"><div class=\"iwt-icon\"> <i class=\"icon-default-style fa fa-external-link accent-color\"><\/i> <\/div><div class=\"iwt-text\"> <a href=\"https:\/\/www.researchgate.net\/profile\/Matthew-Burner-2\">ResearchGate<\/a> <\/div><div class=\"clear\"><\/div><\/div><div class=\"iwithtext\"><div class=\"iwt-icon\"> <i class=\"icon-default-style fa fa-external-link accent-color\"><\/i> <\/div><div class=\"iwt-text\"> <a href=\"https:\/\/orcid.org\/0000-0002-4707-0415\">ORCID<\/a> <\/div><div class=\"clear\"><\/div><\/div>[divider line_type=&#8221;No Line&#8221; custom_height=&#8221;32&#8243;][vc_column_text css=&#8221;&#8221; text_direction=&#8221;default&#8221;]\n<h4>Education<\/h4>\n<ul>\n<li>Ph.D., Spanish (Linguistics Track), University of Wisconsin-Madison<\/li>\n<li>M.A., Spanish, University of Central Florida<\/li>\n<li>B.A., Spanish, University of Central Florida<\/li>\n<\/ul>\n<h4>Courses taught<\/h4>\n<ul>\n<li>Elementary Spanish<\/li>\n<li>Intermediate Spanish<\/li>\n<li>Spanish for the Professions<\/li>\n<li>Introduction to Spanish Linguistics<\/li>\n<\/ul>\n<h4>Research<\/h4>\n<p>As a theoretical linguist, I specialize in phenomena related to noun morphology, syntactic versus semantic agreement, and interpretation. For those outside of my field, I\u2019m interested in the nuts and bolts that make up nouns and adjectives and how both expected and unexpected situations arise in natural language.<\/p>\n<p>I mainly work on Asturian, a minoritized language spoken in northern Spain, and other Romance languages like Spanish, Portuguese, and Italian. I love my research because it allows me to explore the inner workings of language and grammar. It also provides me with opportunities to work with underrepresented languages and document the findings.<\/p>\n<h4>Selected publications<\/h4>\n<ul>\n<li aria-level=\"2\">Burner, M.J. (2024). [Review of the book The Asturian Language: Distinctiveness, Identity, and Officiality, by A. Corral Esteban (Ed.)]. Revista Internacional de Ling\u00fc\u00edstica Iberoamericana (RILI), 22(43), 181-183.<\/li>\n<li aria-level=\"2\">Burner, M. (2024). Online Corpus of Written Asturian. Zenodo. DOI: <a href=\"https:\/\/doi.org\/10.5281\/zenodo.11317042\">https:\/\/doi.org\/10.5281\/zenodo.11317042<\/a><\/li>\n<li aria-level=\"2\">Burner, M.J. (2022). Las vocales tem\u00e1ticas en castellano y asturiano: Un recurso para la interpretaci\u00f3n sem\u00e1ntica. In E. Torre (Ed.), El mapa ling\u00fc\u00edstico del noroccidente ib\u00e9rico: Contacto, variaci\u00f3n y cambio (pp. 79-97). Lincom.<\/li>\n<li aria-level=\"2\">Biedny, J., Burner, M., Cudworth, A. &amp; Macaulay, M. (2021). Classifier Medials across Algonquian: A First Look. International Journal of American Linguistics (IJAL), 87:1, 1-47. DOI: <a href=\"https:\/\/doi.org\/10.1086\/711606\">https:\/\/doi.org\/10.1086\/711606<\/a><\/li>\n<\/ul>\n<p style=\"text-align: left;\"><a href=\"https:\/\/flic.kr\/p\/2iuPLkx\"><em>Banner photo by Chace Lewis &#8217;20<\/em><\/a><\/p>\n[\/vc_column_text][\/vc_column_inner][vc_column_inner column_padding=&#8221;no-extra-padding&#8221; column_padding_tablet=&#8221;inherit&#8221; column_padding_phone=&#8221;inherit&#8221; column_padding_position=&#8221;all&#8221; column_element_direction_desktop=&#8221;default&#8221; column_element_spacing=&#8221;default&#8221; desktop_text_alignment=&#8221;default&#8221; tablet_text_alignment=&#8221;default&#8221; phone_text_alignment=&#8221;default&#8221; background_color_opacity=&#8221;1&#8243; background_hover_color_opacity=&#8221;1&#8243; column_backdrop_filter=&#8221;none&#8221; column_shadow=&#8221;none&#8221; column_border_radius=&#8221;none&#8221; column_link_target=&#8221;_self&#8221; overflow=&#8221;visible&#8221; gradient_direction=&#8221;left_to_right&#8221; overlay_strength=&#8221;0.3&#8243; width=&#8221;1\/3&#8243; tablet_width_inherit=&#8221;default&#8221; animation_type=&#8221;default&#8221; bg_image_animation=&#8221;none&#8221; border_type=&#8221;simple&#8221; column_border_width=&#8221;none&#8221; column_border_style=&#8221;solid&#8221;][image_with_animation image_url=&#8221;1689&#8243; image_size=&#8221;full&#8221; animation_type=&#8221;entrance&#8221; animation=&#8221;Fade In&#8221; animation_easing=&#8221;default&#8221; animation_movement_type=&#8221;transform_y&#8221; hover_animation=&#8221;none&#8221; alignment=&#8221;&#8221; border_radius=&#8221;none&#8221; box_shadow=&#8221;none&#8221; image_loading=&#8221;default&#8221; max_width=&#8221;100%&#8221; max_width_mobile=&#8221;default&#8221;][\/vc_column_inner][\/vc_row_inner][\/vc_column][\/vc_row]\n","protected":false},"excerpt":{"rendered":"<p>[vc_row type=&#8221;full_width_background&#8221; full_screen_row_position=&#8221;middle&#8221; column_margin=&#8221;default&#8221; column_direction=&#8221;default&#8221; column_direction_tablet=&#8221;default&#8221; column_direction_phone=&#8221;default&#8221; scene_position=&#8221;center&#8221; top_padding=&#8221;48&#8243; text_color=&#8221;dark&#8221; text_align=&#8221;left&#8221; row_border_radius=&#8221;none&#8221; row_border_radius_applies=&#8221;bg&#8221; overflow=&#8221;visible&#8221; overlay_strength=&#8221;0.3&#8243; gradient_direction=&#8221;left_to_right&#8221; shape_divider_position=&#8221;bottom&#8221; bg_image_animation=&#8221;none&#8221;][vc_column column_padding=&#8221;no-extra-padding&#8221; column_padding_tablet=&#8221;inherit&#8221; column_padding_phone=&#8221;inherit&#8221; column_padding_position=&#8221;all&#8221; column_element_direction_desktop=&#8221;default&#8221; column_element_spacing=&#8221;default&#8221; desktop_text_alignment=&#8221;default&#8221; tablet_text_alignment=&#8221;default&#8221; phone_text_alignment=&#8221;default&#8221; background_color_opacity=&#8221;1&#8243; background_hover_color_opacity=&#8221;1&#8243; column_backdrop_filter=&#8221;none&#8221; column_shadow=&#8221;none&#8221; column_border_radius=&#8221;none&#8221; column_link_target=&#8221;_self&#8221; column_position=&#8221;default&#8221; gradient_direction=&#8221;left_to_right&#8221; overlay_strength=&#8221;0.3&#8243; width=&#8221;1\/1&#8243; tablet_width_inherit=&#8221;default&#8221; animation_type=&#8221;default&#8221; bg_image_animation=&#8221;none&#8221; border_type=&#8221;simple&#8221; column_border_width=&#8221;none&#8221; column_border_style=&#8221;solid&#8221;][vc_column_text css=&#8221;&#8221; text_direction=&#8221;default&#8221;]&#8230;<\/p>\n","protected":false},"author":8,"featured_media":1689,"parent":315,"menu_order":0,"comment_status":"closed","ping_status":"closed","template":"page-left-sidebar.php","meta":{"footnotes":""},"class_list":["post-1686","page","type-page","status-publish","has-post-thumbnail"],"yoast_head":"<!-- This site is optimized with the Yoast SEO Premium plugin v27.6 (Yoast SEO v27.6) - https:\/\/yoast.com\/product\/yoast-seo-premium-wordpress\/ -->\n<title>Matthew Burner - Spanish | Eckerd College<\/title>\n<meta name=\"robots\" content=\"index, follow, max-snippet:-1, max-image-preview:large, max-video-preview:-1\" \/>\n<link rel=\"canonical\" href=\"https:\/\/www.eckerd.edu\/spanish\/faculty\/burner\/\" \/>\n<meta property=\"og:locale\" content=\"en_US\" \/>\n<meta property=\"og:type\" content=\"article\" \/>\n<meta property=\"og:title\" content=\"Matthew Burner\" \/>\n<meta property=\"og:description\" content=\"Spanish | Eckerd College\" \/>\n<meta property=\"og:url\" content=\"https:\/\/www.eckerd.edu\/spanish\/faculty\/burner\/\" \/>\n<meta property=\"og:site_name\" content=\"Spanish | Eckerd College\" \/>\n<meta property=\"article:modified_time\" content=\"2025-09-29T17:08:02+00:00\" \/>\n<meta property=\"og:image\" content=\"http:\/\/www.eckerd.edu\/spanish\/wp-content\/uploads\/sites\/31\/2025\/09\/burner-hex.png\" \/>\n\t<meta property=\"og:image:width\" content=\"280\" \/>\n\t<meta property=\"og:image:height\" content=\"247\" \/>\n\t<meta property=\"og:image:type\" content=\"image\/png\" \/>\n<meta name=\"twitter:card\" content=\"summary_large_image\" \/>\n<meta name=\"twitter:label1\" content=\"Est. reading time\" \/>\n\t<meta name=\"twitter:data1\" content=\"2 minutes\" \/>\n<script type=\"application\/ld+json\" class=\"yoast-schema-graph\">{\"@context\":\"https:\\\/\\\/schema.org\",\"@graph\":[{\"@type\":\"WebPage\",\"@id\":\"https:\\\/\\\/www.eckerd.edu\\\/spanish\\\/faculty\\\/burner\\\/\",\"url\":\"https:\\\/\\\/www.eckerd.edu\\\/spanish\\\/faculty\\\/burner\\\/\",\"name\":\"Matthew Burner - Spanish | Eckerd College\",\"isPartOf\":{\"@id\":\"https:\\\/\\\/www.eckerd.edu\\\/spanish\\\/#website\"},\"primaryImageOfPage\":{\"@id\":\"https:\\\/\\\/www.eckerd.edu\\\/spanish\\\/faculty\\\/burner\\\/#primaryimage\"},\"image\":{\"@id\":\"https:\\\/\\\/www.eckerd.edu\\\/spanish\\\/faculty\\\/burner\\\/#primaryimage\"},\"thumbnailUrl\":\"https:\\\/\\\/www.eckerd.edu\\\/spanish\\\/wp-content\\\/uploads\\\/sites\\\/31\\\/2025\\\/09\\\/burner-hex.png\",\"datePublished\":\"2025-09-12T17:09:07+00:00\",\"dateModified\":\"2025-09-29T17:08:02+00:00\",\"breadcrumb\":{\"@id\":\"https:\\\/\\\/www.eckerd.edu\\\/spanish\\\/faculty\\\/burner\\\/#breadcrumb\"},\"inLanguage\":\"en-US\",\"potentialAction\":[{\"@type\":\"ReadAction\",\"target\":[\"https:\\\/\\\/www.eckerd.edu\\\/spanish\\\/faculty\\\/burner\\\/\"]}]},{\"@type\":\"ImageObject\",\"inLanguage\":\"en-US\",\"@id\":\"https:\\\/\\\/www.eckerd.edu\\\/spanish\\\/faculty\\\/burner\\\/#primaryimage\",\"url\":\"https:\\\/\\\/www.eckerd.edu\\\/spanish\\\/wp-content\\\/uploads\\\/sites\\\/31\\\/2025\\\/09\\\/burner-hex.png\",\"contentUrl\":\"https:\\\/\\\/www.eckerd.edu\\\/spanish\\\/wp-content\\\/uploads\\\/sites\\\/31\\\/2025\\\/09\\\/burner-hex.png\",\"width\":280,\"height\":247},{\"@type\":\"BreadcrumbList\",\"@id\":\"https:\\\/\\\/www.eckerd.edu\\\/spanish\\\/faculty\\\/burner\\\/#breadcrumb\",\"itemListElement\":[{\"@type\":\"ListItem\",\"position\":1,\"name\":\"Faculty\",\"item\":\"https:\\\/\\\/www.eckerd.edu\\\/spanish\\\/faculty\\\/\"},{\"@type\":\"ListItem\",\"position\":2,\"name\":\"Matthew Burner\"}]},{\"@type\":\"WebSite\",\"@id\":\"https:\\\/\\\/www.eckerd.edu\\\/spanish\\\/#website\",\"url\":\"https:\\\/\\\/www.eckerd.edu\\\/spanish\\\/\",\"name\":\"Spanish | Eckerd College\",\"description\":\"Spanish at Eckerd College\",\"potentialAction\":[{\"@type\":\"SearchAction\",\"target\":{\"@type\":\"EntryPoint\",\"urlTemplate\":\"https:\\\/\\\/www.eckerd.edu\\\/spanish\\\/?s={search_term_string}\"},\"query-input\":{\"@type\":\"PropertyValueSpecification\",\"valueRequired\":true,\"valueName\":\"search_term_string\"}}],\"inLanguage\":\"en-US\"}]}<\/script>\n<!-- \/ Yoast SEO Premium plugin. -->","yoast_head_json":{"title":"Matthew Burner - Spanish | Eckerd College","robots":{"index":"index","follow":"follow","max-snippet":"max-snippet:-1","max-image-preview":"max-image-preview:large","max-video-preview":"max-video-preview:-1"},"canonical":"https:\/\/www.eckerd.edu\/spanish\/faculty\/burner\/","og_locale":"en_US","og_type":"article","og_title":"Matthew Burner","og_description":"Spanish | Eckerd College","og_url":"https:\/\/www.eckerd.edu\/spanish\/faculty\/burner\/","og_site_name":"Spanish | Eckerd College","article_modified_time":"2025-09-29T17:08:02+00:00","og_image":[{"width":280,"height":247,"url":"http:\/\/www.eckerd.edu\/spanish\/wp-content\/uploads\/sites\/31\/2025\/09\/burner-hex.png","type":"image\/png"}],"twitter_card":"summary_large_image","twitter_misc":{"Est. reading time":"2 minutes"},"schema":{"@context":"https:\/\/schema.org","@graph":[{"@type":"WebPage","@id":"https:\/\/www.eckerd.edu\/spanish\/faculty\/burner\/","url":"https:\/\/www.eckerd.edu\/spanish\/faculty\/burner\/","name":"Matthew Burner - Spanish | Eckerd College","isPartOf":{"@id":"https:\/\/www.eckerd.edu\/spanish\/#website"},"primaryImageOfPage":{"@id":"https:\/\/www.eckerd.edu\/spanish\/faculty\/burner\/#primaryimage"},"image":{"@id":"https:\/\/www.eckerd.edu\/spanish\/faculty\/burner\/#primaryimage"},"thumbnailUrl":"https:\/\/www.eckerd.edu\/spanish\/wp-content\/uploads\/sites\/31\/2025\/09\/burner-hex.png","datePublished":"2025-09-12T17:09:07+00:00","dateModified":"2025-09-29T17:08:02+00:00","breadcrumb":{"@id":"https:\/\/www.eckerd.edu\/spanish\/faculty\/burner\/#breadcrumb"},"inLanguage":"en-US","potentialAction":[{"@type":"ReadAction","target":["https:\/\/www.eckerd.edu\/spanish\/faculty\/burner\/"]}]},{"@type":"ImageObject","inLanguage":"en-US","@id":"https:\/\/www.eckerd.edu\/spanish\/faculty\/burner\/#primaryimage","url":"https:\/\/www.eckerd.edu\/spanish\/wp-content\/uploads\/sites\/31\/2025\/09\/burner-hex.png","contentUrl":"https:\/\/www.eckerd.edu\/spanish\/wp-content\/uploads\/sites\/31\/2025\/09\/burner-hex.png","width":280,"height":247},{"@type":"BreadcrumbList","@id":"https:\/\/www.eckerd.edu\/spanish\/faculty\/burner\/#breadcrumb","itemListElement":[{"@type":"ListItem","position":1,"name":"Faculty","item":"https:\/\/www.eckerd.edu\/spanish\/faculty\/"},{"@type":"ListItem","position":2,"name":"Matthew Burner"}]},{"@type":"WebSite","@id":"https:\/\/www.eckerd.edu\/spanish\/#website","url":"https:\/\/www.eckerd.edu\/spanish\/","name":"Spanish | Eckerd College","description":"Spanish at Eckerd College","potentialAction":[{"@type":"SearchAction","target":{"@type":"EntryPoint","urlTemplate":"https:\/\/www.eckerd.edu\/spanish\/?s={search_term_string}"},"query-input":{"@type":"PropertyValueSpecification","valueRequired":true,"valueName":"search_term_string"}}],"inLanguage":"en-US"}]}},"_links":{"self":[{"href":"https:\/\/www.eckerd.edu\/spanish\/wp-json\/wp\/v2\/pages\/1686","targetHints":{"allow":["GET"]}}],"collection":[{"href":"https:\/\/www.eckerd.edu\/spanish\/wp-json\/wp\/v2\/pages"}],"about":[{"href":"https:\/\/www.eckerd.edu\/spanish\/wp-json\/wp\/v2\/types\/page"}],"author":[{"embeddable":true,"href":"https:\/\/www.eckerd.edu\/spanish\/wp-json\/wp\/v2\/users\/8"}],"replies":[{"embeddable":true,"href":"https:\/\/www.eckerd.edu\/spanish\/wp-json\/wp\/v2\/comments?post=1686"}],"version-history":[{"count":6,"href":"https:\/\/www.eckerd.edu\/spanish\/wp-json\/wp\/v2\/pages\/1686\/revisions"}],"predecessor-version":[{"id":1700,"href":"https:\/\/www.eckerd.edu\/spanish\/wp-json\/wp\/v2\/pages\/1686\/revisions\/1700"}],"up":[{"embeddable":true,"href":"https:\/\/www.eckerd.edu\/spanish\/wp-json\/wp\/v2\/pages\/315"}],"wp:featuredmedia":[{"embeddable":true,"href":"https:\/\/www.eckerd.edu\/spanish\/wp-json\/wp\/v2\/media\/1689"}],"wp:attachment":[{"href":"https:\/\/www.eckerd.edu\/spanish\/wp-json\/wp\/v2\/media?parent=1686"}],"curies":[{"name":"wp","href":"https:\/\/api.w.org\/{rel}","templated":true}]}}